{"id":1017,"date":"2018-09-07T21:02:22","date_gmt":"2018-09-08T01:02:22","guid":{"rendered":"https:\/\/angrymonkeymma.com\/?page_id=1017"},"modified":"2021-04-12T07:51:24","modified_gmt":"2021-04-12T11:51:24","slug":"faq-enfants","status":"publish","type":"page","link":"https:\/\/www.angrymonkeymma.com\/fr\/faq-enfants\/","title":{"rendered":"FAQ Enfants"},"content":{"rendered":"<div class=\"wpb-content-wrapper\"><p>[vc_row row_height_percent=\u00a0\u00bb0&Prime; override_padding=\u00a0\u00bbyes\u00a0\u00bb h_padding=\u00a0\u00bb6&Prime; top_padding=\u00a0\u00bb2&Prime; bottom_padding=\u00a0\u00bb4&Prime; overlay_alpha=\u00a0\u00bb50&Prime; gutter_size=\u00a0\u00bb3&Prime; column_width_percent=\u00a0\u00bb100&Prime; shift_y=\u00a0\u00bb0&Prime; z_index=\u00a0\u00bb0&Prime;][vc_column width=\u00a0\u00bb1\/1&Prime;][vc_single_image media=\u00a0\u00bb1712&Prime; media_width_percent=\u00a0\u00bb100&Prime;][\/vc_column][\/vc_row][vc_row row_height_percent=\u00a0\u00bb0&Prime; override_padding=\u00a0\u00bbyes\u00a0\u00bb h_padding=\u00a0\u00bb2&Prime; top_padding=\u00a0\u00bb4&Prime; bottom_padding=\u00a0\u00bb2&Prime; overlay_alpha=\u00a0\u00bb50&Prime; gutter_size=\u00a0\u00bb4&Prime; column_width_percent=\u00a0\u00bb100&Prime; shift_y=\u00a0\u00bb0&Prime; z_index=\u00a0\u00bb0&Prime;][vc_column column_width_percent=\u00a0\u00bb100&Prime; gutter_size=\u00a0\u00bb3&Prime; overlay_alpha=\u00a0\u00bb50&Prime; shift_x=\u00a0\u00bb0&Prime; shift_y=\u00a0\u00bb0&Prime; shift_y_down=\u00a0\u00bb0&Prime; z_index=\u00a0\u00bb0&Prime; medium_width=\u00a0\u00bb0&Prime; mobile_width=\u00a0\u00bb0&Prime; width=\u00a0\u00bb2\/3&Prime;][vc_accordion][vc_accordion_tab title=\u00a0\u00bbQUE DOIT PORTER MON ENFANT\/ADOLESCENT POUR UN COURS DE MUAY THAI OU JIU-JITSU?\u00a0\u00bb tab_id=\u00a0\u00bb1532399482-1-16&Prime;][vc_column_text]Ces sports se pratiquent pieds nus seulement. Portez des v\u00eatements confortables et adapt\u00e9s \u00e0 l\u2019entra\u00eenement. Vous aurez besoin d\u2019un gi (kimono) pour les cours de Jiu-Jitsu br\u00e9silien. Nous vous en fournirons un gratuitement pour le cours d\u2019essai seulement; nous avons toutes les tailles. Nous avons \u00e9galement des gis avec le logo AMMMA \u00e0 vendre sur place.[\/vc_column_text][\/vc_accordion_tab][vc_accordion_tab title=\u00a0\u00bbQUAND ONT LIEU LES COURS POUR ENFANTS ET ADOLESCENTS?\u00a0\u00bb tab_id=\u00a0\u00bb1535506850503-1-5&Prime;][vc_column_text]<\/p>\n<p class=\"p1\">Les cours ont lieu en semaine apr\u00e8s l\u2019\u00e9cole et les samedis. Veuillez consulter notre horaire.<\/p>\n<p>[\/vc_column_text][\/vc_accordion_tab][vc_accordion_tab title=\u00a0\u00bbPUIS-JE INSCRIRE MON ENFANT IMM\u00c9DIATEMENT?\u00a0\u00bb tab_id=\u00a0\u00bb1535506883450-2-6&Prime;][vc_column_text]Afin de s\u2019assurer qu\u2019ils sont dans le groupe qui leur convient, les enfants doivent suivre un cours d\u2019essai avant de s\u2019inscrire. Nous voulons que les enfants comprennent que les cours sont amusants, mais aussi tr\u00e8s exigeants. Cela leur permet \u00e9galement d\u2019essayer les cours de boxe et de Jiu-Jitsu, puis de choisir celui qu\u2019ils pr\u00e9f\u00e8rent.[\/vc_column_text][\/vc_accordion_tab][vc_accordion_tab title=\u00a0\u00bbCOMMENT FONCTIONNENT LES PAIEMENTS POUR LES COURS POUR ENFANTS ET ADOLESCENTS?\u00a0\u00bb tab_id=\u00a0\u00bb1535506907716-3-2&Prime;][vc_column_text]Nous offrons deux options. Si vous avez une carte de cr\u00e9dit, nous pouvons configurer des paiements mensuels. Sinon, la session doit \u00eatre pay\u00e9e en entier au moment de l\u2019inscription, soit en argent comptant, par carte de d\u00e9bit ou par virement \u00e9lectronique. Si vous souhaitez nous parler des options de paiement en priv\u00e9, veuillez communiquer avec nous avant le d\u00e9but de la session. Nous n\u2019avons pas beaucoup de temps une fois la session commenc\u00e9e.[\/vc_column_text][\/vc_accordion_tab][vc_accordion_tab title=\u00a0\u00bbPUIS-JE INSCRIRE MON ENFANT \u00c0 LA FOIS AUX COURS DE BOXE ET DE JIU-JITSU?\u00a0\u00bb tab_id=\u00a0\u00bb1535506933854-4-5&Prime;][vc_column_text]Oui, sans probl\u00e8me. Votre enfant devra alors suivre les deux programmes.[\/vc_column_text][\/vc_accordion_tab][vc_accordion_tab title=\u00a0\u00bbSI MON ENFANT SUIT LES COURS DE JIU-JITSU BR\u00c9SILIEN, RECEVRA-T-IL \u00c9VENTUELLEMENT UNE NOUVELLE CEINTURE?\u00a0\u00bb tab_id=\u00a0\u00bb1593981510270-5-6&Prime;][vc_column_text]Oui. Lorsque l\u2019entra\u00eeneur consid\u00e9rera que votre enfant ma\u00eetrise les techniques au programme, il l\u2019invitera \u00e0 un examen de ceinture. Ces examens ont lieu au centre-ville, g\u00e9n\u00e9ralement deux fois par ann\u00e9e, au si\u00e8ge social de Brazilian Top Team Canada (notre fier partenaire de BJJ). Des frais minimes sont exig\u00e9s pour l\u2019examen, et votre enfant devra porter un gi de Brazilian Top Team.[\/vc_column_text][\/vc_accordion_tab][\/vc_accordion][\/vc_column][vc_column column_width_percent=\u00a0\u00bb100&Prime; gutter_size=\u00a0\u00bb3&Prime; overlay_alpha=\u00a0\u00bb50&Prime; shift_x=\u00a0\u00bb0&Prime; shift_y=\u00a0\u00bb0&Prime; shift_y_down=\u00a0\u00bb0&Prime; z_index=\u00a0\u00bb0&Prime; medium_width=\u00a0\u00bb0&Prime; mobile_width=\u00a0\u00bb0&Prime; width=\u00a0\u00bb1\/3&Prime;][vc_single_image media=\u00a0\u00bb515&Prime; media_width_percent=\u00a0\u00bb100&Prime;][vc_single_image media=\u00a0\u00bb518&Prime; media_width_percent=\u00a0\u00bb100&Prime;][vc_single_image media=\u00a0\u00bb520&Prime; media_width_percent=\u00a0\u00bb100&Prime;][vc_single_image media=\u00a0\u00bb517&Prime; media_width_percent=\u00a0\u00bb100&Prime;][\/vc_column][\/vc_row]<\/p>\n<\/div>","protected":false},"excerpt":{"rendered":"<p>[vc_row row_height_percent=\u00a0\u00bb0&Prime; override_padding=\u00a0\u00bbyes\u00a0\u00bb h_padding=\u00a0\u00bb6&Prime; top_padding=\u00a0\u00bb2&Prime; bottom_padding=\u00a0\u00bb4&Prime; overlay_alpha=\u00a0\u00bb50&Prime; gutter_size=\u00a0\u00bb3&Prime; column_width_percent=\u00a0\u00bb100&Prime; shift_y=\u00a0\u00bb0&Prime; z_index=\u00a0\u00bb0&Prime;][vc_column width=\u00a0\u00bb1\/1&Prime;][vc_single_image media=\u00a0\u00bb1712&Prime; media_width_percent=\u00a0\u00bb100&Prime;][\/vc_column][\/vc_row][vc_row row_height_percent=\u00a0\u00bb0&Prime; override_padding=\u00a0\u00bbyes\u00a0\u00bb h_padding=\u00a0\u00bb2&Prime; top_padding=\u00a0\u00bb4&Prime; bottom_padding=\u00a0\u00bb2&Prime; overlay_alpha=\u00a0\u00bb50&Prime; [&hellip;]<\/p>\n","protected":false},"author":1,"featured_media":0,"parent":0,"menu_order":0,"comment_status":"closed","ping_status":"closed","template":"","meta":{"_exactmetrics_skip_tracking":false,"_exactmetrics_sitenote_active":false,"_exactmetrics_sitenote_note":"","_exactmetrics_sitenote_category":0,"footnotes":""},"yoast_head":"<!-- This site is optimized with the Yoast SEO plugin v22.4 - https:\/\/yoast.com\/wordpress\/plugins\/seo\/ -->\n<title>FAQ Enfants - Angry Monkey MMA Gym<\/title>\n<meta name=\"robots\" content=\"index, follow, max-snippet:-1, max-image-preview:large, max-video-preview:-1\" \/>\n<link rel=\"canonical\" href=\"https:\/\/www.angrymonkeymma.com\/fr\/faq-enfants\/\" \/>\n<meta property=\"og:locale\" content=\"fr_FR\" \/>\n<meta property=\"og:type\" content=\"article\" \/>\n<meta property=\"og:title\" content=\"FAQ Enfants - Angry Monkey MMA Gym\" \/>\n<meta property=\"og:description\" content=\"[vc_row row_height_percent=\u00a0\u00bb0&Prime; override_padding=\u00a0\u00bbyes\u00a0\u00bb h_padding=\u00a0\u00bb6&Prime; top_padding=\u00a0\u00bb2&Prime; bottom_padding=\u00a0\u00bb4&Prime; overlay_alpha=\u00a0\u00bb50&Prime; gutter_size=\u00a0\u00bb3&Prime; column_width_percent=\u00a0\u00bb100&Prime; shift_y=\u00a0\u00bb0&Prime; z_index=\u00a0\u00bb0&Prime;][vc_column width=\u00a0\u00bb1\/1&Prime;][vc_single_image media=\u00a0\u00bb1712&Prime; media_width_percent=\u00a0\u00bb100&Prime;][\/vc_column][\/vc_row][vc_row row_height_percent=\u00a0\u00bb0&Prime; override_padding=\u00a0\u00bbyes\u00a0\u00bb h_padding=\u00a0\u00bb2&Prime; top_padding=\u00a0\u00bb4&Prime; bottom_padding=\u00a0\u00bb2&Prime; overlay_alpha=\u00a0\u00bb50&Prime; [&hellip;]\" \/>\n<meta property=\"og:url\" content=\"https:\/\/www.angrymonkeymma.com\/fr\/faq-enfants\/\" \/>\n<meta property=\"og:site_name\" content=\"Angry Monkey MMA Gym\" \/>\n<meta property=\"article:publisher\" content=\"https:\/\/www.facebook.com\/AMMMAMTL\/\" \/>\n<meta property=\"article:modified_time\" content=\"2021-04-12T11:51:24+00:00\" \/>\n<meta name=\"twitter:card\" content=\"summary_large_image\" \/>\n<meta name=\"twitter:site\" content=\"@monkeyangry\" \/>\n<meta name=\"twitter:label1\" content=\"Dur\u00e9e de lecture estim\u00e9e\" \/>\n\t<meta name=\"twitter:data1\" content=\"3 minutes\" \/>\n<script type=\"application\/ld+json\" class=\"yoast-schema-graph\">{\"@context\":\"https:\/\/schema.org\",\"@graph\":[{\"@type\":\"WebPage\",\"@id\":\"https:\/\/www.angrymonkeymma.com\/fr\/faq-enfants\/\",\"url\":\"https:\/\/www.angrymonkeymma.com\/fr\/faq-enfants\/\",\"name\":\"FAQ Enfants - Angry Monkey MMA Gym\",\"isPartOf\":{\"@id\":\"https:\/\/www.angrymonkeymma.com\/#website\"},\"datePublished\":\"2018-09-08T01:02:22+00:00\",\"dateModified\":\"2021-04-12T11:51:24+00:00\",\"breadcrumb\":{\"@id\":\"https:\/\/www.angrymonkeymma.com\/fr\/faq-enfants\/#breadcrumb\"},\"inLanguage\":\"fr-FR\",\"potentialAction\":[{\"@type\":\"ReadAction\",\"target\":[\"https:\/\/www.angrymonkeymma.com\/fr\/faq-enfants\/\"]}]},{\"@type\":\"BreadcrumbList\",\"@id\":\"https:\/\/www.angrymonkeymma.com\/fr\/faq-enfants\/#breadcrumb\",\"itemListElement\":[{\"@type\":\"ListItem\",\"position\":1,\"name\":\"Home\",\"item\":\"https:\/\/www.angrymonkeymma.com\/fr\/\"},{\"@type\":\"ListItem\",\"position\":2,\"name\":\"FAQ Enfants\"}]},{\"@type\":\"WebSite\",\"@id\":\"https:\/\/www.angrymonkeymma.com\/#website\",\"url\":\"https:\/\/www.angrymonkeymma.com\/\",\"name\":\"Angry Monkey MMA\",\"description\":\"Montreal's Best Gym for MMA, Kickboxing, Boxing &amp; Jiu Jitsu Academy\",\"publisher\":{\"@id\":\"https:\/\/www.angrymonkeymma.com\/#organization\"},\"potentialAction\":[{\"@type\":\"SearchAction\",\"target\":{\"@type\":\"EntryPoint\",\"urlTemplate\":\"https:\/\/www.angrymonkeymma.com\/?s={search_term_string}\"},\"query-input\":\"required name=search_term_string\"}],\"inLanguage\":\"fr-FR\"},{\"@type\":\"Organization\",\"@id\":\"https:\/\/www.angrymonkeymma.com\/#organization\",\"name\":\"Angry Monkey MMA\",\"url\":\"https:\/\/www.angrymonkeymma.com\/\",\"logo\":{\"@type\":\"ImageObject\",\"inLanguage\":\"fr-FR\",\"@id\":\"https:\/\/www.angrymonkeymma.com\/#\/schema\/logo\/image\/\",\"url\":\"https:\/\/angrymonkeymma.com\/wp-content\/uploads\/2018\/06\/AngryMonkeyMMA-Logo.png\",\"contentUrl\":\"https:\/\/angrymonkeymma.com\/wp-content\/uploads\/2018\/06\/AngryMonkeyMMA-Logo.png\",\"width\":500,\"height\":500,\"caption\":\"Angry Monkey MMA\"},\"image\":{\"@id\":\"https:\/\/www.angrymonkeymma.com\/#\/schema\/logo\/image\/\"},\"sameAs\":[\"https:\/\/www.facebook.com\/AMMMAMTL\/\",\"https:\/\/twitter.com\/monkeyangry\",\"https:\/\/www.instagram.com\/angrymonkeymma\/?hl=en\"]}]}<\/script>\n<!-- \/ Yoast SEO plugin. -->","yoast_head_json":{"title":"FAQ Enfants - Angry Monkey MMA Gym","robots":{"index":"index","follow":"follow","max-snippet":"max-snippet:-1","max-image-preview":"max-image-preview:large","max-video-preview":"max-video-preview:-1"},"canonical":"https:\/\/www.angrymonkeymma.com\/fr\/faq-enfants\/","og_locale":"fr_FR","og_type":"article","og_title":"FAQ Enfants - Angry Monkey MMA Gym","og_description":"[vc_row row_height_percent=\u00a0\u00bb0&Prime; override_padding=\u00a0\u00bbyes\u00a0\u00bb h_padding=\u00a0\u00bb6&Prime; top_padding=\u00a0\u00bb2&Prime; bottom_padding=\u00a0\u00bb4&Prime; overlay_alpha=\u00a0\u00bb50&Prime; gutter_size=\u00a0\u00bb3&Prime; column_width_percent=\u00a0\u00bb100&Prime; shift_y=\u00a0\u00bb0&Prime; z_index=\u00a0\u00bb0&Prime;][vc_column width=\u00a0\u00bb1\/1&Prime;][vc_single_image media=\u00a0\u00bb1712&Prime; media_width_percent=\u00a0\u00bb100&Prime;][\/vc_column][\/vc_row][vc_row row_height_percent=\u00a0\u00bb0&Prime; override_padding=\u00a0\u00bbyes\u00a0\u00bb h_padding=\u00a0\u00bb2&Prime; top_padding=\u00a0\u00bb4&Prime; bottom_padding=\u00a0\u00bb2&Prime; overlay_alpha=\u00a0\u00bb50&Prime; [&hellip;]","og_url":"https:\/\/www.angrymonkeymma.com\/fr\/faq-enfants\/","og_site_name":"Angry Monkey MMA Gym","article_publisher":"https:\/\/www.facebook.com\/AMMMAMTL\/","article_modified_time":"2021-04-12T11:51:24+00:00","twitter_card":"summary_large_image","twitter_site":"@monkeyangry","twitter_misc":{"Dur\u00e9e de lecture estim\u00e9e":"3 minutes"},"schema":{"@context":"https:\/\/schema.org","@graph":[{"@type":"WebPage","@id":"https:\/\/www.angrymonkeymma.com\/fr\/faq-enfants\/","url":"https:\/\/www.angrymonkeymma.com\/fr\/faq-enfants\/","name":"FAQ Enfants - Angry Monkey MMA Gym","isPartOf":{"@id":"https:\/\/www.angrymonkeymma.com\/#website"},"datePublished":"2018-09-08T01:02:22+00:00","dateModified":"2021-04-12T11:51:24+00:00","breadcrumb":{"@id":"https:\/\/www.angrymonkeymma.com\/fr\/faq-enfants\/#breadcrumb"},"inLanguage":"fr-FR","potentialAction":[{"@type":"ReadAction","target":["https:\/\/www.angrymonkeymma.com\/fr\/faq-enfants\/"]}]},{"@type":"BreadcrumbList","@id":"https:\/\/www.angrymonkeymma.com\/fr\/faq-enfants\/#breadcrumb","itemListElement":[{"@type":"ListItem","position":1,"name":"Home","item":"https:\/\/www.angrymonkeymma.com\/fr\/"},{"@type":"ListItem","position":2,"name":"FAQ Enfants"}]},{"@type":"WebSite","@id":"https:\/\/www.angrymonkeymma.com\/#website","url":"https:\/\/www.angrymonkeymma.com\/","name":"Angry Monkey MMA","description":"Montreal's Best Gym for MMA, Kickboxing, Boxing &amp; Jiu Jitsu Academy","publisher":{"@id":"https:\/\/www.angrymonkeymma.com\/#organization"},"potentialAction":[{"@type":"SearchAction","target":{"@type":"EntryPoint","urlTemplate":"https:\/\/www.angrymonkeymma.com\/?s={search_term_string}"},"query-input":"required name=search_term_string"}],"inLanguage":"fr-FR"},{"@type":"Organization","@id":"https:\/\/www.angrymonkeymma.com\/#organization","name":"Angry Monkey MMA","url":"https:\/\/www.angrymonkeymma.com\/","logo":{"@type":"ImageObject","inLanguage":"fr-FR","@id":"https:\/\/www.angrymonkeymma.com\/#\/schema\/logo\/image\/","url":"https:\/\/angrymonkeymma.com\/wp-content\/uploads\/2018\/06\/AngryMonkeyMMA-Logo.png","contentUrl":"https:\/\/angrymonkeymma.com\/wp-content\/uploads\/2018\/06\/AngryMonkeyMMA-Logo.png","width":500,"height":500,"caption":"Angry Monkey MMA"},"image":{"@id":"https:\/\/www.angrymonkeymma.com\/#\/schema\/logo\/image\/"},"sameAs":["https:\/\/www.facebook.com\/AMMMAMTL\/","https:\/\/twitter.com\/monkeyangry","https:\/\/www.instagram.com\/angrymonkeymma\/?hl=en"]}]}},"_links":{"self":[{"href":"https:\/\/www.angrymonkeymma.com\/fr\/wp-json\/wp\/v2\/pages\/1017"}],"collection":[{"href":"https:\/\/www.angrymonkeymma.com\/fr\/wp-json\/wp\/v2\/pages"}],"about":[{"href":"https:\/\/www.angrymonkeymma.com\/fr\/wp-json\/wp\/v2\/types\/page"}],"author":[{"embeddable":true,"href":"https:\/\/www.angrymonkeymma.com\/fr\/wp-json\/wp\/v2\/users\/1"}],"replies":[{"embeddable":true,"href":"https:\/\/www.angrymonkeymma.com\/fr\/wp-json\/wp\/v2\/comments?post=1017"}],"version-history":[{"count":7,"href":"https:\/\/www.angrymonkeymma.com\/fr\/wp-json\/wp\/v2\/pages\/1017\/revisions"}],"predecessor-version":[{"id":1827,"href":"https:\/\/www.angrymonkeymma.com\/fr\/wp-json\/wp\/v2\/pages\/1017\/revisions\/1827"}],"wp:attachment":[{"href":"https:\/\/www.angrymonkeymma.com\/fr\/wp-json\/wp\/v2\/media?parent=1017"}],"curies":[{"name":"wp","href":"https:\/\/api.w.org\/{rel}","templated":true}]}}