{"id":1023,"date":"2018-09-07T21:12:05","date_gmt":"2018-09-08T01:12:05","guid":{"rendered":"https:\/\/angrymonkeymma.com\/?page_id=1023"},"modified":"2022-09-22T20:24:03","modified_gmt":"2022-09-23T00:24:03","slug":"semaine-gratuit","status":"publish","type":"page","link":"https:\/\/www.angrymonkeymma.com\/fr\/semaine-gratuit\/","title":{"rendered":"Semaine Gratuit"},"content":{"rendered":"<div class=\"wpb-content-wrapper\"><p>[vc_row row_height_percent=\u00a0\u00bb0&Prime; override_padding=\u00a0\u00bbyes\u00a0\u00bb h_padding=\u00a0\u00bb2&Prime; top_padding=\u00a0\u00bb4&Prime; bottom_padding=\u00a0\u00bb2&Prime; overlay_alpha=\u00a0\u00bb50&Prime; gutter_size=\u00a0\u00bb4&Prime; column_width_percent=\u00a0\u00bb100&Prime; shift_y=\u00a0\u00bb0&Prime; z_index=\u00a0\u00bb0&Prime;][vc_column column_width_percent=\u00a0\u00bb100&Prime; gutter_size=\u00a0\u00bb3&Prime; overlay_alpha=\u00a0\u00bb50&Prime; shift_x=\u00a0\u00bb0&Prime; shift_y=\u00a0\u00bb0&Prime; shift_y_down=\u00a0\u00bb0&Prime; z_index=\u00a0\u00bb0&Prime; medium_width=\u00a0\u00bb0&Prime; mobile_width=\u00a0\u00bb0&Prime; width=\u00a0\u00bb1\/2&Prime;][vc_custom_heading text_color=\u00a0\u00bbaccent\u00a0\u00bb heading_semantic=\u00a0\u00bbh1&Prime; text_font=\u00a0\u00bbfont-982619&Prime; text_size=\u00a0\u00bbh1&Prime; text_transform=\u00a0\u00bbuppercase\u00a0\u00bb uncode_shortcode_id=\u00a0\u00bb673350&Prime; text_color_type=\u00a0\u00bbuncode-palette\u00a0\u00bb]<\/p>\n<h1 class=\"p1\"><span class=\"s1\" style=\"color: #ffff00;\">Inscrivez-vous ci-dessous pour des cours d\u2019entra\u00eenement gratuits!<\/span><\/h1>\n<p>[\/vc_custom_heading][vc_wp_text]\n<div class=\"wpcf7 no-js\" id=\"wpcf7-f1476-o1\" lang=\"en-CA\" dir=\"ltr\">\n<div class=\"screen-reader-response\"><p role=\"status\" aria-live=\"polite\" aria-atomic=\"true\"><\/p> <ul><\/ul><\/div>\n<form action=\"\/fr\/wp-json\/wp\/v2\/pages\/1023#wpcf7-f1476-o1\" method=\"post\" class=\"wpcf7-form init\" aria-label=\"Contact form\" novalidate=\"novalidate\" data-status=\"init\">\n<div style=\"display: none;\">\n<input type=\"hidden\" name=\"_wpcf7\" value=\"1476\" \/>\n<input type=\"hidden\" name=\"_wpcf7_version\" value=\"5.9.3\" \/>\n<input type=\"hidden\" name=\"_wpcf7_locale\" value=\"en_CA\" \/>\n<input type=\"hidden\" name=\"_wpcf7_unit_tag\" value=\"wpcf7-f1476-o1\" \/>\n<input type=\"hidden\" name=\"_wpcf7_container_post\" value=\"0\" \/>\n<input type=\"hidden\" name=\"_wpcf7_posted_data_hash\" value=\"\" \/>\n<\/div>\n<p><label> Votre nom (obligatoire)<br \/>\n<span class=\"wpcf7-form-control-wrap\" data-name=\"your-name\"><input size=\"40\" class=\"wpcf7-form-control wpcf7-text wpcf7-validates-as-required\" aria-required=\"true\" aria-invalid=\"false\" value=\"\" type=\"text\" name=\"your-name\" \/><\/span> <\/label>\n<\/p>\n<p><label> Votre adresse courriel (obligatoire)<br \/>\n<span class=\"wpcf7-form-control-wrap\" data-name=\"your-email\"><input size=\"40\" class=\"wpcf7-form-control wpcf7-email wpcf7-validates-as-required wpcf7-text wpcf7-validates-as-email\" aria-required=\"true\" aria-invalid=\"false\" value=\"\" type=\"email\" name=\"your-email\" \/><\/span> <\/label>\n<\/p>\n<p><label> Votre num\u00e9ro de t\u00e9l\u00e9phone (obligatoire)<br \/>\n<span class=\"wpcf7-form-control-wrap\" data-name=\"PhoneNumber\"><input size=\"40\" class=\"wpcf7-form-control wpcf7-tel wpcf7-text wpcf7-validates-as-tel\" aria-invalid=\"false\" value=\"\" type=\"tel\" name=\"PhoneNumber\" \/><\/span> <\/label>\n<\/p>\n<p>Quel cours vous int\u00e9ressent? (obligatoire)<br \/>\n<span class=\"wpcf7-form-control-wrap\" data-name=\"checkbox-548\"><span class=\"wpcf7-form-control wpcf7-checkbox wpcf7-validates-as-required\"><span class=\"wpcf7-list-item first\"><label><input type=\"checkbox\" name=\"checkbox-548[]\" value=\"Muay Thai\" \/><span class=\"wpcf7-list-item-label\">Muay Thai<\/span><\/label><\/span><span class=\"wpcf7-list-item\"><label><input type=\"checkbox\" name=\"checkbox-548[]\" value=\"Boxe\" \/><span class=\"wpcf7-list-item-label\">Boxe<\/span><\/label><\/span><span class=\"wpcf7-list-item\"><label><input type=\"checkbox\" name=\"checkbox-548[]\" value=\"Cross Training\" \/><span class=\"wpcf7-list-item-label\">Cross Training<\/span><\/label><\/span><span class=\"wpcf7-list-item last\"><label><input type=\"checkbox\" name=\"checkbox-548[]\" value=\"Jiu Jitsu br\u00e9silien\" \/><span class=\"wpcf7-list-item-label\">Jiu Jitsu br\u00e9silien<\/span><\/label><\/span><\/span><\/span>\n<\/p>\n<p><label> Comment avez-vous entendu parler de Singe Bagarreur?<br \/>\n<span class=\"wpcf7-form-control-wrap\" data-name=\"textarea-296\"><textarea cols=\"40\" rows=\"10\" class=\"wpcf7-form-control wpcf7-textarea wpcf7-validates-as-required\" aria-required=\"true\" aria-invalid=\"false\" name=\"textarea-296\"><\/textarea><\/span> <\/label>\n<\/p>\n<p><span class=\"wpcf7-form-control-wrap\" data-name=\"acceptance-683\"><span class=\"wpcf7-form-control wpcf7-acceptance\"><span class=\"wpcf7-list-item\"><label><input type=\"checkbox\" name=\"acceptance-683\" value=\"1\" aria-invalid=\"false\" \/><span class=\"wpcf7-list-item-label\">J\u2019autorise Singe Bagarreur Arts Martiaux Mixtes \u00e0 me contacter pour confirmer les d\u00e9tails des cours gratuits.<\/span><\/label><\/span><\/span><\/span>\n<\/p>\n<p><input class=\"wpcf7-form-control wpcf7-submit has-spinner\" type=\"submit\" value=\"Envoyer\" \/>\n<\/p><p style=\"display: none !important;\" class=\"akismet-fields-container\" data-prefix=\"_wpcf7_ak_\"><label>&#916;<textarea name=\"_wpcf7_ak_hp_textarea\" cols=\"45\" rows=\"8\" maxlength=\"100\"><\/textarea><\/label><input type=\"hidden\" id=\"ak_js_1\" name=\"_wpcf7_ak_js\" value=\"233\"\/><script>document.getElementById( \"ak_js_1\" ).setAttribute( \"value\", ( new Date() ).getTime() );<\/script><\/p><div class=\"wpcf7-response-output\" aria-hidden=\"true\"><\/div>\n<\/form>\n<\/div>\n[\/vc_wp_text][\/vc_column][vc_column width=\u00a0\u00bb1\/2&Prime;][vc_single_image media=\u00a0\u00bb2075&Prime; media_width_percent=\u00a0\u00bb100&Prime; uncode_shortcode_id=\u00a0\u00bb456039&Prime;][\/vc_column][\/vc_row]<\/p>\n<\/div>","protected":false},"excerpt":{"rendered":"<p>[vc_row row_height_percent=\u00a0\u00bb0&Prime; override_padding=\u00a0\u00bbyes\u00a0\u00bb h_padding=\u00a0\u00bb2&Prime; top_padding=\u00a0\u00bb4&Prime; bottom_padding=\u00a0\u00bb2&Prime; overlay_alpha=\u00a0\u00bb50&Prime; gutter_size=\u00a0\u00bb4&Prime; column_width_percent=\u00a0\u00bb100&Prime; shift_y=\u00a0\u00bb0&Prime; z_index=\u00a0\u00bb0&Prime;][vc_column column_width_percent=\u00a0\u00bb100&Prime; gutter_size=\u00a0\u00bb3&Prime; overlay_alpha=\u00a0\u00bb50&Prime; shift_x=\u00a0\u00bb0&Prime; shift_y=\u00a0\u00bb0&Prime; shift_y_down=\u00a0\u00bb0&Prime; z_index=\u00a0\u00bb0&Prime; medium_width=\u00a0\u00bb0&Prime; mobile_width=\u00a0\u00bb0&Prime; [&hellip;]<\/p>\n","protected":false},"author":1,"featured_media":0,"parent":0,"menu_order":0,"comment_status":"closed","ping_status":"closed","template":"","meta":{"_exactmetrics_skip_tracking":false,"_exactmetrics_sitenote_active":false,"_exactmetrics_sitenote_note":"","_exactmetrics_sitenote_category":0,"footnotes":""},"yoast_head":"<!-- This site is optimized with the Yoast SEO plugin v22.4 - https:\/\/yoast.com\/wordpress\/plugins\/seo\/ -->\n<title>Semaine Gratuit - Angry Monkey MMA Gym<\/title>\n<meta name=\"robots\" content=\"index, follow, max-snippet:-1, max-image-preview:large, max-video-preview:-1\" \/>\n<link rel=\"canonical\" href=\"https:\/\/www.angrymonkeymma.com\/fr\/semaine-gratuit\/\" \/>\n<meta property=\"og:locale\" content=\"fr_FR\" \/>\n<meta property=\"og:type\" content=\"article\" \/>\n<meta property=\"og:title\" content=\"Semaine Gratuit - Angry Monkey MMA Gym\" \/>\n<meta property=\"og:description\" content=\"[vc_row row_height_percent=\u00a0\u00bb0&Prime; override_padding=\u00a0\u00bbyes\u00a0\u00bb h_padding=\u00a0\u00bb2&Prime; top_padding=\u00a0\u00bb4&Prime; bottom_padding=\u00a0\u00bb2&Prime; overlay_alpha=\u00a0\u00bb50&Prime; gutter_size=\u00a0\u00bb4&Prime; column_width_percent=\u00a0\u00bb100&Prime; shift_y=\u00a0\u00bb0&Prime; z_index=\u00a0\u00bb0&Prime;][vc_column column_width_percent=\u00a0\u00bb100&Prime; gutter_size=\u00a0\u00bb3&Prime; overlay_alpha=\u00a0\u00bb50&Prime; shift_x=\u00a0\u00bb0&Prime; shift_y=\u00a0\u00bb0&Prime; shift_y_down=\u00a0\u00bb0&Prime; z_index=\u00a0\u00bb0&Prime; medium_width=\u00a0\u00bb0&Prime; mobile_width=\u00a0\u00bb0&Prime; [&hellip;]\" \/>\n<meta property=\"og:url\" content=\"https:\/\/www.angrymonkeymma.com\/fr\/semaine-gratuit\/\" \/>\n<meta property=\"og:site_name\" content=\"Angry Monkey MMA Gym\" \/>\n<meta property=\"article:publisher\" content=\"https:\/\/www.facebook.com\/AMMMAMTL\/\" \/>\n<meta property=\"article:modified_time\" content=\"2022-09-23T00:24:03+00:00\" \/>\n<meta name=\"twitter:card\" content=\"summary_large_image\" \/>\n<meta name=\"twitter:site\" content=\"@monkeyangry\" \/>\n<meta name=\"twitter:label1\" content=\"Dur\u00e9e de lecture estim\u00e9e\" \/>\n\t<meta name=\"twitter:data1\" content=\"1 minute\" \/>\n<script type=\"application\/ld+json\" class=\"yoast-schema-graph\">{\"@context\":\"https:\/\/schema.org\",\"@graph\":[{\"@type\":\"WebPage\",\"@id\":\"https:\/\/www.angrymonkeymma.com\/fr\/semaine-gratuit\/\",\"url\":\"https:\/\/www.angrymonkeymma.com\/fr\/semaine-gratuit\/\",\"name\":\"Semaine Gratuit - Angry Monkey MMA Gym\",\"isPartOf\":{\"@id\":\"https:\/\/www.angrymonkeymma.com\/#website\"},\"datePublished\":\"2018-09-08T01:12:05+00:00\",\"dateModified\":\"2022-09-23T00:24:03+00:00\",\"breadcrumb\":{\"@id\":\"https:\/\/www.angrymonkeymma.com\/fr\/semaine-gratuit\/#breadcrumb\"},\"inLanguage\":\"fr-FR\",\"potentialAction\":[{\"@type\":\"ReadAction\",\"target\":[\"https:\/\/www.angrymonkeymma.com\/fr\/semaine-gratuit\/\"]}]},{\"@type\":\"BreadcrumbList\",\"@id\":\"https:\/\/www.angrymonkeymma.com\/fr\/semaine-gratuit\/#breadcrumb\",\"itemListElement\":[{\"@type\":\"ListItem\",\"position\":1,\"name\":\"Home\",\"item\":\"https:\/\/www.angrymonkeymma.com\/fr\/\"},{\"@type\":\"ListItem\",\"position\":2,\"name\":\"Semaine Gratuit\"}]},{\"@type\":\"WebSite\",\"@id\":\"https:\/\/www.angrymonkeymma.com\/#website\",\"url\":\"https:\/\/www.angrymonkeymma.com\/\",\"name\":\"Angry Monkey MMA\",\"description\":\"Montreal's Best Gym for MMA, Kickboxing, Boxing &amp; Jiu Jitsu Academy\",\"publisher\":{\"@id\":\"https:\/\/www.angrymonkeymma.com\/#organization\"},\"potentialAction\":[{\"@type\":\"SearchAction\",\"target\":{\"@type\":\"EntryPoint\",\"urlTemplate\":\"https:\/\/www.angrymonkeymma.com\/?s={search_term_string}\"},\"query-input\":\"required name=search_term_string\"}],\"inLanguage\":\"fr-FR\"},{\"@type\":\"Organization\",\"@id\":\"https:\/\/www.angrymonkeymma.com\/#organization\",\"name\":\"Angry Monkey MMA\",\"url\":\"https:\/\/www.angrymonkeymma.com\/\",\"logo\":{\"@type\":\"ImageObject\",\"inLanguage\":\"fr-FR\",\"@id\":\"https:\/\/www.angrymonkeymma.com\/#\/schema\/logo\/image\/\",\"url\":\"https:\/\/angrymonkeymma.com\/wp-content\/uploads\/2018\/06\/AngryMonkeyMMA-Logo.png\",\"contentUrl\":\"https:\/\/angrymonkeymma.com\/wp-content\/uploads\/2018\/06\/AngryMonkeyMMA-Logo.png\",\"width\":500,\"height\":500,\"caption\":\"Angry Monkey MMA\"},\"image\":{\"@id\":\"https:\/\/www.angrymonkeymma.com\/#\/schema\/logo\/image\/\"},\"sameAs\":[\"https:\/\/www.facebook.com\/AMMMAMTL\/\",\"https:\/\/twitter.com\/monkeyangry\",\"https:\/\/www.instagram.com\/angrymonkeymma\/?hl=en\"]}]}<\/script>\n<!-- \/ Yoast SEO plugin. -->","yoast_head_json":{"title":"Semaine Gratuit - Angry Monkey MMA Gym","robots":{"index":"index","follow":"follow","max-snippet":"max-snippet:-1","max-image-preview":"max-image-preview:large","max-video-preview":"max-video-preview:-1"},"canonical":"https:\/\/www.angrymonkeymma.com\/fr\/semaine-gratuit\/","og_locale":"fr_FR","og_type":"article","og_title":"Semaine Gratuit - Angry Monkey MMA Gym","og_description":"[vc_row row_height_percent=\u00a0\u00bb0&Prime; override_padding=\u00a0\u00bbyes\u00a0\u00bb h_padding=\u00a0\u00bb2&Prime; top_padding=\u00a0\u00bb4&Prime; bottom_padding=\u00a0\u00bb2&Prime; overlay_alpha=\u00a0\u00bb50&Prime; gutter_size=\u00a0\u00bb4&Prime; column_width_percent=\u00a0\u00bb100&Prime; shift_y=\u00a0\u00bb0&Prime; z_index=\u00a0\u00bb0&Prime;][vc_column column_width_percent=\u00a0\u00bb100&Prime; gutter_size=\u00a0\u00bb3&Prime; overlay_alpha=\u00a0\u00bb50&Prime; shift_x=\u00a0\u00bb0&Prime; shift_y=\u00a0\u00bb0&Prime; shift_y_down=\u00a0\u00bb0&Prime; z_index=\u00a0\u00bb0&Prime; medium_width=\u00a0\u00bb0&Prime; mobile_width=\u00a0\u00bb0&Prime; [&hellip;]","og_url":"https:\/\/www.angrymonkeymma.com\/fr\/semaine-gratuit\/","og_site_name":"Angry Monkey MMA Gym","article_publisher":"https:\/\/www.facebook.com\/AMMMAMTL\/","article_modified_time":"2022-09-23T00:24:03+00:00","twitter_card":"summary_large_image","twitter_site":"@monkeyangry","twitter_misc":{"Dur\u00e9e de lecture estim\u00e9e":"1 minute"},"schema":{"@context":"https:\/\/schema.org","@graph":[{"@type":"WebPage","@id":"https:\/\/www.angrymonkeymma.com\/fr\/semaine-gratuit\/","url":"https:\/\/www.angrymonkeymma.com\/fr\/semaine-gratuit\/","name":"Semaine Gratuit - Angry Monkey MMA Gym","isPartOf":{"@id":"https:\/\/www.angrymonkeymma.com\/#website"},"datePublished":"2018-09-08T01:12:05+00:00","dateModified":"2022-09-23T00:24:03+00:00","breadcrumb":{"@id":"https:\/\/www.angrymonkeymma.com\/fr\/semaine-gratuit\/#breadcrumb"},"inLanguage":"fr-FR","potentialAction":[{"@type":"ReadAction","target":["https:\/\/www.angrymonkeymma.com\/fr\/semaine-gratuit\/"]}]},{"@type":"BreadcrumbList","@id":"https:\/\/www.angrymonkeymma.com\/fr\/semaine-gratuit\/#breadcrumb","itemListElement":[{"@type":"ListItem","position":1,"name":"Home","item":"https:\/\/www.angrymonkeymma.com\/fr\/"},{"@type":"ListItem","position":2,"name":"Semaine Gratuit"}]},{"@type":"WebSite","@id":"https:\/\/www.angrymonkeymma.com\/#website","url":"https:\/\/www.angrymonkeymma.com\/","name":"Angry Monkey MMA","description":"Montreal's Best Gym for MMA, Kickboxing, Boxing &amp; Jiu Jitsu Academy","publisher":{"@id":"https:\/\/www.angrymonkeymma.com\/#organization"},"potentialAction":[{"@type":"SearchAction","target":{"@type":"EntryPoint","urlTemplate":"https:\/\/www.angrymonkeymma.com\/?s={search_term_string}"},"query-input":"required name=search_term_string"}],"inLanguage":"fr-FR"},{"@type":"Organization","@id":"https:\/\/www.angrymonkeymma.com\/#organization","name":"Angry Monkey MMA","url":"https:\/\/www.angrymonkeymma.com\/","logo":{"@type":"ImageObject","inLanguage":"fr-FR","@id":"https:\/\/www.angrymonkeymma.com\/#\/schema\/logo\/image\/","url":"https:\/\/angrymonkeymma.com\/wp-content\/uploads\/2018\/06\/AngryMonkeyMMA-Logo.png","contentUrl":"https:\/\/angrymonkeymma.com\/wp-content\/uploads\/2018\/06\/AngryMonkeyMMA-Logo.png","width":500,"height":500,"caption":"Angry Monkey MMA"},"image":{"@id":"https:\/\/www.angrymonkeymma.com\/#\/schema\/logo\/image\/"},"sameAs":["https:\/\/www.facebook.com\/AMMMAMTL\/","https:\/\/twitter.com\/monkeyangry","https:\/\/www.instagram.com\/angrymonkeymma\/?hl=en"]}]}},"_links":{"self":[{"href":"https:\/\/www.angrymonkeymma.com\/fr\/wp-json\/wp\/v2\/pages\/1023"}],"collection":[{"href":"https:\/\/www.angrymonkeymma.com\/fr\/wp-json\/wp\/v2\/pages"}],"about":[{"href":"https:\/\/www.angrymonkeymma.com\/fr\/wp-json\/wp\/v2\/types\/page"}],"author":[{"embeddable":true,"href":"https:\/\/www.angrymonkeymma.com\/fr\/wp-json\/wp\/v2\/users\/1"}],"replies":[{"embeddable":true,"href":"https:\/\/www.angrymonkeymma.com\/fr\/wp-json\/wp\/v2\/comments?post=1023"}],"version-history":[{"count":22,"href":"https:\/\/www.angrymonkeymma.com\/fr\/wp-json\/wp\/v2\/pages\/1023\/revisions"}],"predecessor-version":[{"id":2078,"href":"https:\/\/www.angrymonkeymma.com\/fr\/wp-json\/wp\/v2\/pages\/1023\/revisions\/2078"}],"wp:attachment":[{"href":"https:\/\/www.angrymonkeymma.com\/fr\/wp-json\/wp\/v2\/media?parent=1023"}],"curies":[{"name":"wp","href":"https:\/\/api.w.org\/{rel}","templated":true}]}}