{"id":1472,"date":"2020-05-31T21:30:15","date_gmt":"2020-06-01T01:30:15","guid":{"rendered":"https:\/\/angrymonkeymma.com\/?page_id=1472"},"modified":"2021-02-21T11:21:49","modified_gmt":"2021-02-21T16:21:49","slug":"1472-2","status":"publish","type":"page","link":"https:\/\/www.angrymonkeymma.com\/fr\/1472-2\/","title":{"rendered":"Politiques"},"content":{"rendered":"<div class=\"wpb-content-wrapper\"><p>[vc_row row_height_percent=\u00a0\u00bb0&Prime; override_padding=\u00a0\u00bbyes\u00a0\u00bb h_padding=\u00a0\u00bb2&Prime; top_padding=\u00a0\u00bb4&Prime; bottom_padding=\u00a0\u00bb2&Prime; overlay_alpha=\u00a0\u00bb50&Prime; gutter_size=\u00a0\u00bb3&Prime; column_width_percent=\u00a0\u00bb76&Prime; shift_y=\u00a0\u00bb0&Prime; z_index=\u00a0\u00bb0&Prime;][vc_column width=\u00a0\u00bb1\/1&Prime;][vc_custom_heading]<\/p>\n<h2><span style=\"color: #ffff00;\">Politiques<\/span><\/h2>\n<p>[\/vc_custom_heading][vc_column_text]Le gym Singe Bagarreur Arts Martiaux Mixtes a \u00e9tabli des politiques semblables \u00e0 celles d\u2019autres \u00e9tablissements similaires. Nous vous traitons de mani\u00e8re honn\u00eate et \u00e9quitable, et nous vous demandons d\u2019en faire de m\u00eame.<\/p>\n<p>Nous vous offrons un abonnement \u00e0 un excellent gym d\u2019arts martiaux mixtes, et pour ce faire, nous devons mettre en place des conditions aussi pr\u00e9cises que nos techniques d\u2019entra\u00eenement.<\/p>\n<p>Lorsque vous signez un contrat avec nous, vous pouvez compter sur nous pour respecter ce contrat. Nous nous attendions \u00e0 ce que vous fassiez la m\u00eame chose.<\/p>\n<p>Pour en savoir plus sur la loi concernant les contrats d\u2019abonnement au Qu\u00e9bec, nous vous invitons \u00e0 consulter la <a href=\"http:\/\/legisquebec.gouv.qc.ca\/fr\/ShowDoc\/cs\/P-40.1#se:201\">Loi sur la protection du consommateur du Qu\u00e9bec<\/a>. Singe Bagarreur est consid\u00e9r\u00e9 comme un \u00ab\u00a0studio de sant\u00e9\u00a0\u00bb aux termes de cette loi.<\/p>\n<p>Veuillez prendre note que nous sommes autoris\u00e9s \u00e0 employer des agences de recouvrement pour r\u00e9cup\u00e9rer les soldes impay\u00e9s de comptes d\u00e9linquants.[\/vc_column_text][vc_separator sep_color=\u00a0\u00bbaccent\u00a0\u00bb][vc_column_text]<\/p>\n<h3><span style=\"color: #ffff00;\"><b>Voici les options de paiement pour les abonnements :<\/b><\/span><\/h3>\n<ol>\n<li><strong>Paiements automatiques mensuels \u00e0 l\u2019aide d\u2019une carte de cr\u00e9dit valide.<\/strong> Les paiements par carte de d\u00e9bit, en argent comptant ou en personne ne sont pas accept\u00e9s pour les versements mensuels.<\/li>\n<li><strong>Paiement de l\u2019abonnement en entier<\/strong> par carte de cr\u00e9dit, carte de d\u00e9bit ou argent comptant, sur place seulement. Cette option est valide pour les abonnements de 3, 6 ou 12\u00a0mois. Le client doit acquitter le paiement avant d\u2019assister aux cours.<\/li>\n<li>Des frais de 20\u00a0$ sont factur\u00e9s pour tout paiement manqu\u00e9 ou en retard. Ces frais s\u2019ajoutent au montant mensuel \u00e0 payer.<\/li>\n<\/ol>\n<p>Les abonnements ne sont ni annulables ni remboursables.<\/p>\n<p><span style=\"color: #ffff00;\">En raison de mauvaises exp\u00e9riences pass\u00e9es, nous ne faisons aucune exception.<\/span>[\/vc_column_text][\/vc_column][\/vc_row][vc_row row_height_percent=\u00a0\u00bb0&Prime; override_padding=\u00a0\u00bbyes\u00a0\u00bb h_padding=\u00a0\u00bb2&Prime; top_padding=\u00a0\u00bb2&Prime; bottom_padding=\u00a0\u00bb2&Prime; overlay_alpha=\u00a0\u00bb50&Prime; gutter_size=\u00a0\u00bb4&Prime; column_width_percent=\u00a0\u00bb100&Prime; shift_y=\u00a0\u00bb0&Prime; z_index=\u00a0\u00bb0&Prime;][vc_column column_width_percent=\u00a0\u00bb100&Prime; gutter_size=\u00a0\u00bb3&Prime; overlay_alpha=\u00a0\u00bb50&Prime; shift_x=\u00a0\u00bb0&Prime; shift_y=\u00a0\u00bb0&Prime; shift_y_down=\u00a0\u00bb0&Prime; z_index=\u00a0\u00bb0&Prime; medium_width=\u00a0\u00bb0&Prime; mobile_width=\u00a0\u00bb0&Prime; width=\u00a0\u00bb2\/3&Prime;][vc_accordion][vc_accordion_tab title=\u00a0\u00bbQu\u2019arrive-t-il si je manque un paiement de mon abonnement?\u00a0\u00bb tab_id=\u00a0\u00bb1534249472-2-941590974758158&Prime;][vc_column_text]Vous demeurez responsable du paiement. De plus, nous facturons des frais de retard de 20\u00a0$ pour les paiements mensuels manqu\u00e9s. Cette politique est non n\u00e9gociable et constitue une pratique courante. Les retards de paiements prennent du temps \u00e0 r\u00e9gler et peuvent nuire \u00e0 nos finances. Si vous savez qu\u2019un paiement sera retard\u00e9, avisez-nous. Nous sommes raisonnables.[\/vc_column_text][\/vc_accordion_tab][vc_accordion_tab title=\u00a0\u00bbJe d\u00e9m\u00e9nage; puis-je annuler mon abonnement?\u00a0\u00bb tab_id=\u00a0\u00bb1534249634124-2-71590974758158&Prime;][vc_column_text]D\u00e9sol\u00e9, mais ce n\u2019est pas possible. Nous faisons attention \u00e0 nos prix, comme \u00e0 tout ce qui touche \u00e0 notre gym. Nous offrons des prix \u00e9quitables en \u00e9change d\u2019un engagement de longue dur\u00e9e. Mais il n\u2019y a pas d\u2019\u00e9conomie sans engagement. Si vous n\u2019\u00eates pas certain que vous serez toujours ici dans un an, optez pour un abonnement plus court.[\/vc_column_text][\/vc_accordion_tab][vc_accordion_tab title=\u00a0\u00bbPuis-je transf\u00e9rer mon abonnement \u00e0 quelqu\u2019un d\u2019autre?\u00a0\u00bb tab_id=\u00a0\u00bb1534249658825-3-51590974758158&Prime;][vc_column_text]Non; \u00e7a complique les choses. Nous avons sign\u00e9 un contrat avec vous. Cette pratique est courante.[\/vc_column_text][\/vc_accordion_tab][vc_accordion_tab title=\u00a0\u00bbJ\u2019ai un horaire tr\u00e8s charg\u00e9. Puis-je acheter un forfait de 10 cours et venir quand je suis disponible?\u00a0\u00bb tab_id=\u00a0\u00bb1534249678508-4-21590974758158&Prime;][vc_column_text]Non. Nous croyons que cette pratique nuit \u00e0 l\u2019esprit de communaut\u00e9 du gym, en plus de nous causer bien des maux de t\u00eate.[\/vc_column_text][\/vc_accordion_tab][\/vc_accordion][\/vc_column][vc_column column_width_percent=\u00a0\u00bb100&Prime; gutter_size=\u00a0\u00bb3&Prime; overlay_alpha=\u00a0\u00bb50&Prime; shift_x=\u00a0\u00bb0&Prime; shift_y=\u00a0\u00bb0&Prime; shift_y_down=\u00a0\u00bb0&Prime; z_index=\u00a0\u00bb0&Prime; medium_width=\u00a0\u00bb0&Prime; mobile_width=\u00a0\u00bb0&Prime; width=\u00a0\u00bb1\/3&Prime;][vc_single_image media=\u00a0\u00bb515&Prime; media_width_percent=\u00a0\u00bb100&Prime;][vc_single_image media=\u00a0\u00bb518&Prime; media_width_percent=\u00a0\u00bb100&Prime;][vc_single_image media=\u00a0\u00bb520&Prime; media_width_percent=\u00a0\u00bb100&Prime;][vc_single_image media=\u00a0\u00bb517&Prime; media_width_percent=\u00a0\u00bb100&Prime;][\/vc_column][\/vc_row]<\/p>\n<\/div>","protected":false},"excerpt":{"rendered":"<p>[vc_row row_height_percent=\u00a0\u00bb0&Prime; override_padding=\u00a0\u00bbyes\u00a0\u00bb h_padding=\u00a0\u00bb2&Prime; top_padding=\u00a0\u00bb4&Prime; bottom_padding=\u00a0\u00bb2&Prime; overlay_alpha=\u00a0\u00bb50&Prime; gutter_size=\u00a0\u00bb3&Prime; column_width_percent=\u00a0\u00bb76&Prime; shift_y=\u00a0\u00bb0&Prime; z_index=\u00a0\u00bb0&Prime;][vc_column width=\u00a0\u00bb1\/1&Prime;][vc_custom_heading] Politiques [\/vc_custom_heading][vc_column_text]Le gym Singe Bagarreur Arts Martiaux Mixtes [&hellip;]<\/p>\n","protected":false},"author":1,"featured_media":0,"parent":0,"menu_order":0,"comment_status":"closed","ping_status":"closed","template":"","meta":{"_exactmetrics_skip_tracking":false,"_exactmetrics_sitenote_active":false,"_exactmetrics_sitenote_note":"","_exactmetrics_sitenote_category":0,"footnotes":""},"yoast_head":"<!-- This site is optimized with the Yoast SEO plugin v22.4 - https:\/\/yoast.com\/wordpress\/plugins\/seo\/ -->\n<title>Politiques - Angry Monkey MMA Gym<\/title>\n<meta name=\"robots\" content=\"index, follow, max-snippet:-1, max-image-preview:large, max-video-preview:-1\" \/>\n<link rel=\"canonical\" href=\"https:\/\/www.angrymonkeymma.com\/fr\/1472-2\/\" \/>\n<meta property=\"og:locale\" content=\"fr_FR\" \/>\n<meta property=\"og:type\" content=\"article\" \/>\n<meta property=\"og:title\" content=\"Politiques - Angry Monkey MMA Gym\" \/>\n<meta property=\"og:description\" content=\"[vc_row row_height_percent=\u00a0\u00bb0&Prime; override_padding=\u00a0\u00bbyes\u00a0\u00bb h_padding=\u00a0\u00bb2&Prime; top_padding=\u00a0\u00bb4&Prime; bottom_padding=\u00a0\u00bb2&Prime; overlay_alpha=\u00a0\u00bb50&Prime; gutter_size=\u00a0\u00bb3&Prime; column_width_percent=\u00a0\u00bb76&Prime; shift_y=\u00a0\u00bb0&Prime; z_index=\u00a0\u00bb0&Prime;][vc_column width=\u00a0\u00bb1\/1&Prime;][vc_custom_heading] Politiques [\/vc_custom_heading][vc_column_text]Le gym Singe Bagarreur Arts Martiaux Mixtes [&hellip;]\" \/>\n<meta property=\"og:url\" content=\"https:\/\/www.angrymonkeymma.com\/fr\/1472-2\/\" \/>\n<meta property=\"og:site_name\" content=\"Angry Monkey MMA Gym\" \/>\n<meta property=\"article:publisher\" content=\"https:\/\/www.facebook.com\/AMMMAMTL\/\" \/>\n<meta property=\"article:modified_time\" content=\"2021-02-21T16:21:49+00:00\" \/>\n<meta name=\"twitter:card\" content=\"summary_large_image\" \/>\n<meta name=\"twitter:site\" content=\"@monkeyangry\" \/>\n<meta name=\"twitter:label1\" content=\"Dur\u00e9e de lecture estim\u00e9e\" \/>\n\t<meta name=\"twitter:data1\" content=\"4 minutes\" \/>\n<script type=\"application\/ld+json\" class=\"yoast-schema-graph\">{\"@context\":\"https:\/\/schema.org\",\"@graph\":[{\"@type\":\"WebPage\",\"@id\":\"https:\/\/www.angrymonkeymma.com\/fr\/1472-2\/\",\"url\":\"https:\/\/www.angrymonkeymma.com\/fr\/1472-2\/\",\"name\":\"Politiques - Angry Monkey MMA Gym\",\"isPartOf\":{\"@id\":\"https:\/\/www.angrymonkeymma.com\/#website\"},\"datePublished\":\"2020-06-01T01:30:15+00:00\",\"dateModified\":\"2021-02-21T16:21:49+00:00\",\"breadcrumb\":{\"@id\":\"https:\/\/www.angrymonkeymma.com\/fr\/1472-2\/#breadcrumb\"},\"inLanguage\":\"fr-FR\",\"potentialAction\":[{\"@type\":\"ReadAction\",\"target\":[\"https:\/\/www.angrymonkeymma.com\/fr\/1472-2\/\"]}]},{\"@type\":\"BreadcrumbList\",\"@id\":\"https:\/\/www.angrymonkeymma.com\/fr\/1472-2\/#breadcrumb\",\"itemListElement\":[{\"@type\":\"ListItem\",\"position\":1,\"name\":\"Home\",\"item\":\"https:\/\/www.angrymonkeymma.com\/fr\/\"},{\"@type\":\"ListItem\",\"position\":2,\"name\":\"Politiques\"}]},{\"@type\":\"WebSite\",\"@id\":\"https:\/\/www.angrymonkeymma.com\/#website\",\"url\":\"https:\/\/www.angrymonkeymma.com\/\",\"name\":\"Angry Monkey MMA\",\"description\":\"Montreal's Best Gym for MMA, Kickboxing, Boxing &amp; Jiu Jitsu Academy\",\"publisher\":{\"@id\":\"https:\/\/www.angrymonkeymma.com\/#organization\"},\"potentialAction\":[{\"@type\":\"SearchAction\",\"target\":{\"@type\":\"EntryPoint\",\"urlTemplate\":\"https:\/\/www.angrymonkeymma.com\/?s={search_term_string}\"},\"query-input\":\"required name=search_term_string\"}],\"inLanguage\":\"fr-FR\"},{\"@type\":\"Organization\",\"@id\":\"https:\/\/www.angrymonkeymma.com\/#organization\",\"name\":\"Angry Monkey MMA\",\"url\":\"https:\/\/www.angrymonkeymma.com\/\",\"logo\":{\"@type\":\"ImageObject\",\"inLanguage\":\"fr-FR\",\"@id\":\"https:\/\/www.angrymonkeymma.com\/#\/schema\/logo\/image\/\",\"url\":\"https:\/\/angrymonkeymma.com\/wp-content\/uploads\/2018\/06\/AngryMonkeyMMA-Logo.png\",\"contentUrl\":\"https:\/\/angrymonkeymma.com\/wp-content\/uploads\/2018\/06\/AngryMonkeyMMA-Logo.png\",\"width\":500,\"height\":500,\"caption\":\"Angry Monkey MMA\"},\"image\":{\"@id\":\"https:\/\/www.angrymonkeymma.com\/#\/schema\/logo\/image\/\"},\"sameAs\":[\"https:\/\/www.facebook.com\/AMMMAMTL\/\",\"https:\/\/twitter.com\/monkeyangry\",\"https:\/\/www.instagram.com\/angrymonkeymma\/?hl=en\"]}]}<\/script>\n<!-- \/ Yoast SEO plugin. -->","yoast_head_json":{"title":"Politiques - Angry Monkey MMA Gym","robots":{"index":"index","follow":"follow","max-snippet":"max-snippet:-1","max-image-preview":"max-image-preview:large","max-video-preview":"max-video-preview:-1"},"canonical":"https:\/\/www.angrymonkeymma.com\/fr\/1472-2\/","og_locale":"fr_FR","og_type":"article","og_title":"Politiques - Angry Monkey MMA Gym","og_description":"[vc_row row_height_percent=\u00a0\u00bb0&Prime; override_padding=\u00a0\u00bbyes\u00a0\u00bb h_padding=\u00a0\u00bb2&Prime; top_padding=\u00a0\u00bb4&Prime; bottom_padding=\u00a0\u00bb2&Prime; overlay_alpha=\u00a0\u00bb50&Prime; gutter_size=\u00a0\u00bb3&Prime; column_width_percent=\u00a0\u00bb76&Prime; shift_y=\u00a0\u00bb0&Prime; z_index=\u00a0\u00bb0&Prime;][vc_column width=\u00a0\u00bb1\/1&Prime;][vc_custom_heading] Politiques [\/vc_custom_heading][vc_column_text]Le gym Singe Bagarreur Arts Martiaux Mixtes [&hellip;]","og_url":"https:\/\/www.angrymonkeymma.com\/fr\/1472-2\/","og_site_name":"Angry Monkey MMA Gym","article_publisher":"https:\/\/www.facebook.com\/AMMMAMTL\/","article_modified_time":"2021-02-21T16:21:49+00:00","twitter_card":"summary_large_image","twitter_site":"@monkeyangry","twitter_misc":{"Dur\u00e9e de lecture estim\u00e9e":"4 minutes"},"schema":{"@context":"https:\/\/schema.org","@graph":[{"@type":"WebPage","@id":"https:\/\/www.angrymonkeymma.com\/fr\/1472-2\/","url":"https:\/\/www.angrymonkeymma.com\/fr\/1472-2\/","name":"Politiques - Angry Monkey MMA Gym","isPartOf":{"@id":"https:\/\/www.angrymonkeymma.com\/#website"},"datePublished":"2020-06-01T01:30:15+00:00","dateModified":"2021-02-21T16:21:49+00:00","breadcrumb":{"@id":"https:\/\/www.angrymonkeymma.com\/fr\/1472-2\/#breadcrumb"},"inLanguage":"fr-FR","potentialAction":[{"@type":"ReadAction","target":["https:\/\/www.angrymonkeymma.com\/fr\/1472-2\/"]}]},{"@type":"BreadcrumbList","@id":"https:\/\/www.angrymonkeymma.com\/fr\/1472-2\/#breadcrumb","itemListElement":[{"@type":"ListItem","position":1,"name":"Home","item":"https:\/\/www.angrymonkeymma.com\/fr\/"},{"@type":"ListItem","position":2,"name":"Politiques"}]},{"@type":"WebSite","@id":"https:\/\/www.angrymonkeymma.com\/#website","url":"https:\/\/www.angrymonkeymma.com\/","name":"Angry Monkey MMA","description":"Montreal's Best Gym for MMA, Kickboxing, Boxing &amp; Jiu Jitsu Academy","publisher":{"@id":"https:\/\/www.angrymonkeymma.com\/#organization"},"potentialAction":[{"@type":"SearchAction","target":{"@type":"EntryPoint","urlTemplate":"https:\/\/www.angrymonkeymma.com\/?s={search_term_string}"},"query-input":"required name=search_term_string"}],"inLanguage":"fr-FR"},{"@type":"Organization","@id":"https:\/\/www.angrymonkeymma.com\/#organization","name":"Angry Monkey MMA","url":"https:\/\/www.angrymonkeymma.com\/","logo":{"@type":"ImageObject","inLanguage":"fr-FR","@id":"https:\/\/www.angrymonkeymma.com\/#\/schema\/logo\/image\/","url":"https:\/\/angrymonkeymma.com\/wp-content\/uploads\/2018\/06\/AngryMonkeyMMA-Logo.png","contentUrl":"https:\/\/angrymonkeymma.com\/wp-content\/uploads\/2018\/06\/AngryMonkeyMMA-Logo.png","width":500,"height":500,"caption":"Angry Monkey MMA"},"image":{"@id":"https:\/\/www.angrymonkeymma.com\/#\/schema\/logo\/image\/"},"sameAs":["https:\/\/www.facebook.com\/AMMMAMTL\/","https:\/\/twitter.com\/monkeyangry","https:\/\/www.instagram.com\/angrymonkeymma\/?hl=en"]}]}},"_links":{"self":[{"href":"https:\/\/www.angrymonkeymma.com\/fr\/wp-json\/wp\/v2\/pages\/1472"}],"collection":[{"href":"https:\/\/www.angrymonkeymma.com\/fr\/wp-json\/wp\/v2\/pages"}],"about":[{"href":"https:\/\/www.angrymonkeymma.com\/fr\/wp-json\/wp\/v2\/types\/page"}],"author":[{"embeddable":true,"href":"https:\/\/www.angrymonkeymma.com\/fr\/wp-json\/wp\/v2\/users\/1"}],"replies":[{"embeddable":true,"href":"https:\/\/www.angrymonkeymma.com\/fr\/wp-json\/wp\/v2\/comments?post=1472"}],"version-history":[{"count":5,"href":"https:\/\/www.angrymonkeymma.com\/fr\/wp-json\/wp\/v2\/pages\/1472\/revisions"}],"predecessor-version":[{"id":1767,"href":"https:\/\/www.angrymonkeymma.com\/fr\/wp-json\/wp\/v2\/pages\/1472\/revisions\/1767"}],"wp:attachment":[{"href":"https:\/\/www.angrymonkeymma.com\/fr\/wp-json\/wp\/v2\/media?parent=1472"}],"curies":[{"name":"wp","href":"https:\/\/api.w.org\/{rel}","templated":true}]}}