{"id":1807,"date":"2021-02-23T22:17:33","date_gmt":"2021-02-24T03:17:33","guid":{"rendered":"https:\/\/angrymonkeymma.com\/covid-19-protocols\/"},"modified":"2021-02-23T22:23:00","modified_gmt":"2021-02-24T03:23:00","slug":"covid-19-protocols","status":"publish","type":"page","link":"https:\/\/www.angrymonkeymma.com\/fr\/covid-19-protocols\/","title":{"rendered":"Covid-19 Protocols (French)"},"content":{"rendered":"<div class=\"wpb-content-wrapper\"><p>[vc_row][vc_column width=\u00a0\u00bb1\/1&Prime;][vc_custom_heading]<\/p>\n<h2><span style=\"color: #ffff00;\">Protocoles COVID-19<\/span><\/h2>\n<p>[\/vc_custom_heading][vc_column_text]<\/p>\n<ul>\n<li>Restez \u00e0 la maison \u00bb : Si vous pr\u00e9sentez des sympt\u00f4mes de la COVID-19, si vous vous sentez malade ou si vous avez \u00e9t\u00e9 en contact avec des personnes atteintes de la COVID-19 ou en attente de r\u00e9sultat d\u2019un test de d\u00e9pistage, restez \u00e0 la maison et ne venez pas au gym.<\/li>\n<li>Nous v\u00e9rifierons votre temp\u00e9rature \u00e0 la porte \u00e0 l\u2019aide d\u2019un thermom\u00e8tre sans contact. Une temp\u00e9rature sup\u00e9rieure \u00e0 38 \u00b0C sera consid\u00e9r\u00e9e comme un sympt\u00f4me de la COVID-19.<\/li>\n<li>Vous devrez d\u00e9sinfecter vos mains \u00e0 l\u2019entr\u00e9e du gym lors de votre arriv\u00e9e.<\/li>\n<li>Les personnes ayant plus de 10 ans doivent porter un masque pour entrer dans le gym. Le port du masque est obligatoire dans les aires communes telles que la r\u00e9ception, les escaliers et vestiaires. Une distanciation sociale de 2 m\u00e8tres est respect\u00e9e en tout temps dans les aires d&rsquo;entra\u00eenement, et les masques ne sont donc pas requis.<\/li>\n<li>Nous avons install\u00e9 des stations de nettoyage \u00e0 des endroits strat\u00e9giques dans le gym avec du d\u00e9sinfectant pour les mains, des mouchoirs, des serviettes de papier, et une poubelle pour vos mouchoirs et serviettes utilis\u00e9s.<\/li>\n<li>Les cours seront temporairement \u00e9court\u00e9s afin d\u2019ajouter une p\u00e9riode de nettoyage et aseptisation de 15 minutes entre chaque cours.<\/li>\n<li>Toux et \u00e9ternuements : couvrez votre nez et votre bouche avec votre coude, ou utilisez un mouchoir ou une serviette de papier. Lavez et d\u00e9sinfectez vos mains imm\u00e9diatement apr\u00e8s avoir touss\u00e9 ou \u00e9ternu\u00e9.<\/li>\n<li>\u00c9vitez de toucher votre visage.<\/li>\n<li>Vous DEVEZ d\u00e9sinfecter votre \u00e9quipement apr\u00e8s utilisation \u00e0 l\u2019aide des produits nettoyants plac\u00e9s \u00e0 diff\u00e9rents endroits dans le gym.<\/li>\n<li>Les surfaces touch\u00e9es fr\u00e9quemment (poign\u00e9es de portes, robinets, etc.) seront d\u00e9sinfect\u00e9es r\u00e9guli\u00e8rement durant la journ\u00e9e. &#8211; Veuillez arriver d\u00e9j\u00e0 habill\u00e9 pour vous entra\u00eener.<\/li>\n<li>Veuillez limiter le nombre d\u2019effets personnels que vous apportez. &#8211; Nous vous encourageons \u00e0 apporter votre propre bouteille d\u2019eau.<\/li>\n<li>Respectez les mesures de distanciation sociale.<\/li>\n<li>Des affiches de signalisation, des marques au plancher et des barri\u00e8res seront<\/li>\n<\/ul>\n<p>[\/vc_column_text][\/vc_column][\/vc_row]<\/p>\n<\/div>","protected":false},"excerpt":{"rendered":"<p>[vc_row][vc_column width=\u00a0\u00bb1\/1&Prime;][vc_custom_heading] Protocoles COVID-19 [\/vc_custom_heading][vc_column_text] Restez \u00e0 la maison \u00bb : Si vous pr\u00e9sentez des sympt\u00f4mes de la COVID-19, si [&hellip;]<\/p>\n","protected":false},"author":1,"featured_media":0,"parent":0,"menu_order":0,"comment_status":"closed","ping_status":"closed","template":"","meta":{"_exactmetrics_skip_tracking":false,"_exactmetrics_sitenote_active":false,"_exactmetrics_sitenote_note":"","_exactmetrics_sitenote_category":0,"footnotes":""},"yoast_head":"<!-- This site is optimized with the Yoast SEO plugin v22.4 - https:\/\/yoast.com\/wordpress\/plugins\/seo\/ -->\n<title>Covid-19 Protocols (French) - Angry Monkey MMA Gym<\/title>\n<meta name=\"robots\" content=\"index, follow, max-snippet:-1, max-image-preview:large, max-video-preview:-1\" \/>\n<link rel=\"canonical\" href=\"https:\/\/www.angrymonkeymma.com\/fr\/covid-19-protocols\/\" \/>\n<meta property=\"og:locale\" content=\"fr_FR\" \/>\n<meta property=\"og:type\" content=\"article\" \/>\n<meta property=\"og:title\" content=\"Covid-19 Protocols (French) - Angry Monkey MMA Gym\" \/>\n<meta property=\"og:description\" content=\"[vc_row][vc_column width=\u00a0\u00bb1\/1&Prime;][vc_custom_heading] Protocoles COVID-19 [\/vc_custom_heading][vc_column_text] Restez \u00e0 la maison \u00bb : Si vous pr\u00e9sentez des sympt\u00f4mes de la COVID-19, si [&hellip;]\" \/>\n<meta property=\"og:url\" content=\"https:\/\/www.angrymonkeymma.com\/fr\/covid-19-protocols\/\" \/>\n<meta property=\"og:site_name\" content=\"Angry Monkey MMA Gym\" \/>\n<meta property=\"article:publisher\" content=\"https:\/\/www.facebook.com\/AMMMAMTL\/\" \/>\n<meta property=\"article:modified_time\" content=\"2021-02-24T03:23:00+00:00\" \/>\n<meta name=\"twitter:card\" content=\"summary_large_image\" \/>\n<meta name=\"twitter:site\" content=\"@monkeyangry\" \/>\n<meta name=\"twitter:label1\" content=\"Dur\u00e9e de lecture estim\u00e9e\" \/>\n\t<meta name=\"twitter:data1\" content=\"2 minutes\" \/>\n<script type=\"application\/ld+json\" class=\"yoast-schema-graph\">{\"@context\":\"https:\/\/schema.org\",\"@graph\":[{\"@type\":\"WebPage\",\"@id\":\"https:\/\/www.angrymonkeymma.com\/fr\/covid-19-protocols\/\",\"url\":\"https:\/\/www.angrymonkeymma.com\/fr\/covid-19-protocols\/\",\"name\":\"Covid-19 Protocols (French) - Angry Monkey MMA Gym\",\"isPartOf\":{\"@id\":\"https:\/\/www.angrymonkeymma.com\/#website\"},\"datePublished\":\"2021-02-24T03:17:33+00:00\",\"dateModified\":\"2021-02-24T03:23:00+00:00\",\"breadcrumb\":{\"@id\":\"https:\/\/www.angrymonkeymma.com\/fr\/covid-19-protocols\/#breadcrumb\"},\"inLanguage\":\"fr-FR\",\"potentialAction\":[{\"@type\":\"ReadAction\",\"target\":[\"https:\/\/www.angrymonkeymma.com\/fr\/covid-19-protocols\/\"]}]},{\"@type\":\"BreadcrumbList\",\"@id\":\"https:\/\/www.angrymonkeymma.com\/fr\/covid-19-protocols\/#breadcrumb\",\"itemListElement\":[{\"@type\":\"ListItem\",\"position\":1,\"name\":\"Home\",\"item\":\"https:\/\/www.angrymonkeymma.com\/fr\/\"},{\"@type\":\"ListItem\",\"position\":2,\"name\":\"Covid-19 Protocols (French)\"}]},{\"@type\":\"WebSite\",\"@id\":\"https:\/\/www.angrymonkeymma.com\/#website\",\"url\":\"https:\/\/www.angrymonkeymma.com\/\",\"name\":\"Angry Monkey MMA\",\"description\":\"Montreal's Best Gym for MMA, Kickboxing, Boxing &amp; Jiu Jitsu Academy\",\"publisher\":{\"@id\":\"https:\/\/www.angrymonkeymma.com\/#organization\"},\"potentialAction\":[{\"@type\":\"SearchAction\",\"target\":{\"@type\":\"EntryPoint\",\"urlTemplate\":\"https:\/\/www.angrymonkeymma.com\/?s={search_term_string}\"},\"query-input\":\"required name=search_term_string\"}],\"inLanguage\":\"fr-FR\"},{\"@type\":\"Organization\",\"@id\":\"https:\/\/www.angrymonkeymma.com\/#organization\",\"name\":\"Angry Monkey MMA\",\"url\":\"https:\/\/www.angrymonkeymma.com\/\",\"logo\":{\"@type\":\"ImageObject\",\"inLanguage\":\"fr-FR\",\"@id\":\"https:\/\/www.angrymonkeymma.com\/#\/schema\/logo\/image\/\",\"url\":\"https:\/\/angrymonkeymma.com\/wp-content\/uploads\/2018\/06\/AngryMonkeyMMA-Logo.png\",\"contentUrl\":\"https:\/\/angrymonkeymma.com\/wp-content\/uploads\/2018\/06\/AngryMonkeyMMA-Logo.png\",\"width\":500,\"height\":500,\"caption\":\"Angry Monkey MMA\"},\"image\":{\"@id\":\"https:\/\/www.angrymonkeymma.com\/#\/schema\/logo\/image\/\"},\"sameAs\":[\"https:\/\/www.facebook.com\/AMMMAMTL\/\",\"https:\/\/twitter.com\/monkeyangry\",\"https:\/\/www.instagram.com\/angrymonkeymma\/?hl=en\"]}]}<\/script>\n<!-- \/ Yoast SEO plugin. -->","yoast_head_json":{"title":"Covid-19 Protocols (French) - Angry Monkey MMA Gym","robots":{"index":"index","follow":"follow","max-snippet":"max-snippet:-1","max-image-preview":"max-image-preview:large","max-video-preview":"max-video-preview:-1"},"canonical":"https:\/\/www.angrymonkeymma.com\/fr\/covid-19-protocols\/","og_locale":"fr_FR","og_type":"article","og_title":"Covid-19 Protocols (French) - Angry Monkey MMA Gym","og_description":"[vc_row][vc_column width=\u00a0\u00bb1\/1&Prime;][vc_custom_heading] Protocoles COVID-19 [\/vc_custom_heading][vc_column_text] Restez \u00e0 la maison \u00bb : Si vous pr\u00e9sentez des sympt\u00f4mes de la COVID-19, si [&hellip;]","og_url":"https:\/\/www.angrymonkeymma.com\/fr\/covid-19-protocols\/","og_site_name":"Angry Monkey MMA Gym","article_publisher":"https:\/\/www.facebook.com\/AMMMAMTL\/","article_modified_time":"2021-02-24T03:23:00+00:00","twitter_card":"summary_large_image","twitter_site":"@monkeyangry","twitter_misc":{"Dur\u00e9e de lecture estim\u00e9e":"2 minutes"},"schema":{"@context":"https:\/\/schema.org","@graph":[{"@type":"WebPage","@id":"https:\/\/www.angrymonkeymma.com\/fr\/covid-19-protocols\/","url":"https:\/\/www.angrymonkeymma.com\/fr\/covid-19-protocols\/","name":"Covid-19 Protocols (French) - Angry Monkey MMA Gym","isPartOf":{"@id":"https:\/\/www.angrymonkeymma.com\/#website"},"datePublished":"2021-02-24T03:17:33+00:00","dateModified":"2021-02-24T03:23:00+00:00","breadcrumb":{"@id":"https:\/\/www.angrymonkeymma.com\/fr\/covid-19-protocols\/#breadcrumb"},"inLanguage":"fr-FR","potentialAction":[{"@type":"ReadAction","target":["https:\/\/www.angrymonkeymma.com\/fr\/covid-19-protocols\/"]}]},{"@type":"BreadcrumbList","@id":"https:\/\/www.angrymonkeymma.com\/fr\/covid-19-protocols\/#breadcrumb","itemListElement":[{"@type":"ListItem","position":1,"name":"Home","item":"https:\/\/www.angrymonkeymma.com\/fr\/"},{"@type":"ListItem","position":2,"name":"Covid-19 Protocols (French)"}]},{"@type":"WebSite","@id":"https:\/\/www.angrymonkeymma.com\/#website","url":"https:\/\/www.angrymonkeymma.com\/","name":"Angry Monkey MMA","description":"Montreal's Best Gym for MMA, Kickboxing, Boxing &amp; Jiu Jitsu Academy","publisher":{"@id":"https:\/\/www.angrymonkeymma.com\/#organization"},"potentialAction":[{"@type":"SearchAction","target":{"@type":"EntryPoint","urlTemplate":"https:\/\/www.angrymonkeymma.com\/?s={search_term_string}"},"query-input":"required name=search_term_string"}],"inLanguage":"fr-FR"},{"@type":"Organization","@id":"https:\/\/www.angrymonkeymma.com\/#organization","name":"Angry Monkey MMA","url":"https:\/\/www.angrymonkeymma.com\/","logo":{"@type":"ImageObject","inLanguage":"fr-FR","@id":"https:\/\/www.angrymonkeymma.com\/#\/schema\/logo\/image\/","url":"https:\/\/angrymonkeymma.com\/wp-content\/uploads\/2018\/06\/AngryMonkeyMMA-Logo.png","contentUrl":"https:\/\/angrymonkeymma.com\/wp-content\/uploads\/2018\/06\/AngryMonkeyMMA-Logo.png","width":500,"height":500,"caption":"Angry Monkey MMA"},"image":{"@id":"https:\/\/www.angrymonkeymma.com\/#\/schema\/logo\/image\/"},"sameAs":["https:\/\/www.facebook.com\/AMMMAMTL\/","https:\/\/twitter.com\/monkeyangry","https:\/\/www.instagram.com\/angrymonkeymma\/?hl=en"]}]}},"_links":{"self":[{"href":"https:\/\/www.angrymonkeymma.com\/fr\/wp-json\/wp\/v2\/pages\/1807"}],"collection":[{"href":"https:\/\/www.angrymonkeymma.com\/fr\/wp-json\/wp\/v2\/pages"}],"about":[{"href":"https:\/\/www.angrymonkeymma.com\/fr\/wp-json\/wp\/v2\/types\/page"}],"author":[{"embeddable":true,"href":"https:\/\/www.angrymonkeymma.com\/fr\/wp-json\/wp\/v2\/users\/1"}],"replies":[{"embeddable":true,"href":"https:\/\/www.angrymonkeymma.com\/fr\/wp-json\/wp\/v2\/comments?post=1807"}],"version-history":[{"count":2,"href":"https:\/\/www.angrymonkeymma.com\/fr\/wp-json\/wp\/v2\/pages\/1807\/revisions"}],"predecessor-version":[{"id":1808,"href":"https:\/\/www.angrymonkeymma.com\/fr\/wp-json\/wp\/v2\/pages\/1807\/revisions\/1808"}],"wp:attachment":[{"href":"https:\/\/www.angrymonkeymma.com\/fr\/wp-json\/wp\/v2\/media?parent=1807"}],"curies":[{"name":"wp","href":"https:\/\/api.w.org\/{rel}","templated":true}]}}