{"id":878,"date":"2018-09-06T23:38:30","date_gmt":"2018-09-07T03:38:30","guid":{"rendered":"https:\/\/angrymonkeymma.com\/?page_id=878"},"modified":"2022-04-20T21:29:04","modified_gmt":"2022-04-21T01:29:04","slug":"instructors","status":"publish","type":"page","link":"https:\/\/www.angrymonkeymma.com\/fr\/instructors\/","title":{"rendered":"\u00c9quipe"},"content":{"rendered":"<div class=\"wpb-content-wrapper\"><p>[vc_row row_height_percent=\u00a0\u00bb0&Prime; override_padding=\u00a0\u00bbyes\u00a0\u00bb h_padding=\u00a0\u00bb4&Prime; top_padding=\u00a0\u00bb5&Prime; bottom_padding=\u00a0\u00bb4&Prime; overlay_alpha=\u00a0\u00bb50&Prime; gutter_size=\u00a0\u00bb4&Prime; column_width_percent=\u00a0\u00bb100&Prime; shift_y=\u00a0\u00bb0&Prime; z_index=\u00a0\u00bb0&Prime;][vc_column width=\u00a0\u00bb1\/2&Prime;][vc_single_image media=\u00a0\u00bb2044&Prime; media_width_percent=\u00a0\u00bb100&Prime; uncode_shortcode_id=\u00a0\u00bb114160&Prime;][\/vc_column][vc_column column_width_percent=\u00a0\u00bb100&Prime; gutter_size=\u00a0\u00bb3&Prime; overlay_alpha=\u00a0\u00bb50&Prime; shift_x=\u00a0\u00bb0&Prime; shift_y=\u00a0\u00bb0&Prime; shift_y_down=\u00a0\u00bb0&Prime; z_index=\u00a0\u00bb0&Prime; medium_width=\u00a0\u00bb0&Prime; mobile_width=\u00a0\u00bb0&Prime; width=\u00a0\u00bb1\/2&Prime;][vc_custom_heading href=\u00a0\u00bb\u00ab\u00a0http:\/\/thegruelingtruth.net\/boxing\/part-ii-champ-a-day-in-the-life-of-an-aspiring-fighter\/\u00ab\u00a0\u00a0\u00bb subheading=\u00a0\u00bbDepuis des ann\u00e9es, Justin aide les combattants, les athl\u00e8tes et les amateurs \u00e0 atteindre leurs objectifs d&rsquo;entra\u00eenement. Son approche pr\u00e9f\u00e9r\u00e9e est de m\u00e9langer la boxe et le Muay Thai avec le conditionnement. C&rsquo;est le cas quand il forme son \u00e9quipe de combat et quand il enseigne des cours de groupe. Reconnu pour son \u00e9nergie, sa passion, son sens de l&rsquo;humour et son \u00e9thique de travail, Justin est un coach exp\u00e9riment\u00e9 en grappling comp\u00e9titif, et en arts martiaux mixtes. Justin croit fermement que si un coach n&rsquo;apprend pas, il ne fait pas son travail. C&rsquo;est la raison, chaque fois qu&rsquo;il en a l&rsquo;occasion, il aime voyager et s&rsquo;entra\u00eener avec les meilleurs coachs du sport, dont Dickie Eukland, Sean Thompkins, Martin Kampmann, Mark Delagrotte, Mike Passenier et le l\u00e9gendaire \u00ab\u00a0El Guapo\u00ab\u00a0 Bas Rutten. Bas Rutten a dit de Justin: \u00ab\u00a0Il est rafra\u00eechissant de rencontrer des gens comme Justin, des gens qui viennent pour s\u2019entra\u00eener et qui veulent vraiment devenir de meilleurs enseignants.\u00ab\u00a0\u00ab\u00a0]<\/p>\n<h1><span style=\"color: #ffff00;\">JUSTIN ETHERIDGE<\/span><\/h1>\n<h2>Fondateur \u2022 Coach en Chef<\/h2>\n<p>[\/vc_custom_heading][vc_custom_heading text_color=\u00a0\u00bbaccent\u00a0\u00bb heading_semantic=\u00a0\u00bbp\u00a0\u00bb text_size=\u00a0\u00bbh6&Prime;]<\/p>\n<h3><span style=\"font-weight: 400;\"><a href=\"https:\/\/thegruelingtruth.net\/boxing\/the-grueling-truth-presents-interview-with-justin-the-just-etheridge\/\" target=\"_blank\" rel=\"noopener noreferrer\">\u2192 Voici un profil de Justin sur un site web local <em>(Anglais)<\/em><\/a><\/span><\/h3>\n<p>[\/vc_custom_heading][\/vc_column][\/vc_row][vc_row row_height_percent=\u00a0\u00bb0&Prime; override_padding=\u00a0\u00bbyes\u00a0\u00bb h_padding=\u00a0\u00bb4&Prime; top_padding=\u00a0\u00bb4&Prime; bottom_padding=\u00a0\u00bb4&Prime; back_color=\u00a0\u00bbcolor-rgdb\u00a0\u00bb overlay_alpha=\u00a0\u00bb50&Prime; gutter_size=\u00a0\u00bb4&Prime; column_width_percent=\u00a0\u00bb100&Prime; shift_y=\u00a0\u00bb0&Prime; z_index=\u00a0\u00bb0&Prime;][vc_column width=\u00a0\u00bb1\/2&Prime;][vc_single_image media=\u00a0\u00bb1157&Prime; media_width_percent=\u00a0\u00bb100&Prime;][\/vc_column][vc_column column_width_percent=\u00a0\u00bb100&Prime; gutter_size=\u00a0\u00bb3&Prime; overlay_alpha=\u00a0\u00bb50&Prime; shift_x=\u00a0\u00bb0&Prime; shift_y=\u00a0\u00bb0&Prime; shift_y_down=\u00a0\u00bb0&Prime; z_index=\u00a0\u00bb0&Prime; medium_width=\u00a0\u00bb0&Prime; mobile_width=\u00a0\u00bb0&Prime; width=\u00a0\u00bb1\/2&Prime;][vc_custom_heading subheading=\u00a0\u00bbAlexandre est bien aim\u00e9 et respect\u00e9 par ses \u00e9tudiants. Beaucoup d\u2019entre eux l\u2019appellent Brock en raison de sa passion pour<br \/>\nl\u2019enseignement et de sa bonne nature. Il apporte ses vastes connaissances et son exp\u00e9rience dans la concurrence \u00e0 chaque cours, et il fait en sorte que chaque \u00e9tudiant re\u00e7oit une attention individuelle. Il a trouv\u00e9 les arts martiaux en tant que fan de MMA (en particulier de Fedor Emelianenko et Bas Rutten), et il a commenc\u00e9 sa formation en Muay Thai. Pendant qu\u2019il se remettait d\u2019une blessure \u00e0 la jambe, il a essay\u00e9 BJJ. \u00c0 cette premi\u00e8re cours de BJJ, il pesait 300 livres et il \u00e9tait impressionn\u00e9 quand quelqu\u2019un, \u00e0 la moiti\u00e9 de son poids, l\u2019a soumis cinq fois en sept minutes. Cette exp\u00e9rience lui a donn\u00e9 la volont\u00e9 d\u2019apprendre tout ce qu\u2019il pouvait du sport. Il dit qu\u2019il adore rencontrer les styles des autres et trouver comment r\u00e9agir \u00e0 eux. Ce point de vue &#8212; que tout le monde a son propre jeu et sa propre fa\u00e7on d\u2019apprendre &#8212; est la base de son enseignement. Il dit qu&rsquo;il esp\u00e8re que dans cinq ans chaque \u00e9tudiant s\u00e9rieux aura trouv\u00e9 son propre moyen de bouger, penser et r\u00e9agir en BJJ. Pour chaque personne, ceci peut \u00eatre diff\u00e9rent de la mani\u00e8re que ses amis d\u00e9veloppent. Pour \u00e7a, il aime voir des \u00e9tudiants motiv\u00e9s, patients et surtout capables de s\u2019entrainer intens\u00e9ment sans blesser les autres.\u00a0\u00bb]<\/p>\n<h1><span style=\"color: #ffff00;\">ALEXANDRE \u00abBROCK\u00bb ARTEAU <\/span><\/h1>\n<h2>Coach en chef du BJJ<\/h2>\n<p>[\/vc_custom_heading][\/vc_column][\/vc_row][vc_row row_height_percent=\u00a0\u00bb0&Prime; override_padding=\u00a0\u00bbyes\u00a0\u00bb h_padding=\u00a0\u00bb4&Prime; top_padding=\u00a0\u00bb5&Prime; bottom_padding=\u00a0\u00bb5&Prime; back_color=\u00a0\u00bbcolor-rgdb\u00a0\u00bb overlay_alpha=\u00a0\u00bb50&Prime; gutter_size=\u00a0\u00bb4&Prime; column_width_percent=\u00a0\u00bb100&Prime; shift_y=\u00a0\u00bb0&Prime; z_index=\u00a0\u00bb0&Prime;][vc_column width=\u00a0\u00bb1\/2&Prime;][vc_single_image media=\u00a0\u00bb367&Prime; media_width_percent=\u00a0\u00bb100&Prime;][\/vc_column][vc_column column_width_percent=\u00a0\u00bb100&Prime; gutter_size=\u00a0\u00bb3&Prime; overlay_alpha=\u00a0\u00bb50&Prime; shift_x=\u00a0\u00bb0&Prime; shift_y=\u00a0\u00bb0&Prime; shift_y_down=\u00a0\u00bb0&Prime; z_index=\u00a0\u00bb0&Prime; medium_width=\u00a0\u00bb0&Prime; mobile_width=\u00a0\u00bb0&Prime; width=\u00a0\u00bb1\/2&Prime;][vc_custom_heading subheading=\u00a0\u00bbConny est une amatrice de la boxe au sens classique du terme. Elle aime le sport. Depuis qu&rsquo;elle a d\u00e9couvert la boxe en 2009, elle est devenue coach de boxe. Elle a d\u00e9j\u00e0 plus de 20 combats amateurs et elle s&rsquo;entra\u00eene avec la l\u00e9gende canadienne de la boxe Ian Clyde pour construire son avenir. Ce qui n&rsquo;a pas chang\u00e9, c&rsquo;est son amour de la boxe. \u00c0 l&rsquo;adolescence, Conny a essay\u00e9 un cours de cardio pour perdre du poids et pour \u00eatre en meilleure sant\u00e9. Le cours n&rsquo;est pas ce qu&rsquo;elle recherche, mais, dans le m\u00eame gymnase, elle a vu deux boxeurs qui travaillent des sacs de frappes. Une fois qu&rsquo;elle les a essay\u00e9s, elle a \u00e9t\u00e9 instantan\u00e9ment fascin\u00e9e. Elle a demand\u00e9 aux boxeurs o\u00f9 \u00e9tait la salle de boxe et le reste est de l&rsquo;histoire. Elle dit que, \u00ab\u00a0\u00eatre la seule fille \u00e0 cette salle de boxe, j&rsquo;\u00e9tais motiv\u00e9e pour d\u00e9montrer que je peux accomplir la m\u00eame chose que les autres\u00ab\u00a0. La premi\u00e8re fois de ma vie, cela me donne le sentiment d\u2019\u00eatre en s\u00e9curit\u00e9, cela me donne le pouvoir de croire en moi-m\u00eame, d\u2019avoir un \u00e9tat d\u2019esprit clair.\u00ab\u00a0 Ce qui la pousse \u00e0 enseigner est les \u00e9tudiants qui veulent en savoir plus sur la boxe authentique, qui respectent le sport et qui aiment s&rsquo;entra\u00eener et repousser leurs limites. Elle sait que, peu importe votre taille, votre poids ou votre sexe, rien ne peut vous arr\u00eater si vous travaillez assez fort et si vous vous concentrez suffisamment sur vos objectifs.\u00a0\u00bb]<\/p>\n<h1><span style=\"color: #ffff00;\">CONNY REYES<\/span><\/h1>\n<h2>Boxe<\/h2>\n<p>[\/vc_custom_heading][\/vc_column][\/vc_row][vc_row row_height_percent=\u00a0\u00bb15&Prime; override_padding=\u00a0\u00bbyes\u00a0\u00bb h_padding=\u00a0\u00bb2&Prime; top_padding=\u00a0\u00bb0&Prime; bottom_padding=\u00a0\u00bb0&Prime; overlay_alpha=\u00a0\u00bb50&Prime; gutter_size=\u00a0\u00bb3&Prime; column_width_percent=\u00a0\u00bb100&Prime; shift_y=\u00a0\u00bb0&Prime; z_index=\u00a0\u00bb0&Prime;][vc_column column_width_percent=\u00a0\u00bb100&Prime; position_vertical=\u00a0\u00bbmiddle\u00a0\u00bb align_horizontal=\u00a0\u00bbalign_center\u00a0\u00bb gutter_size=\u00a0\u00bb3&Prime; overlay_alpha=\u00a0\u00bb50&Prime; shift_x=\u00a0\u00bb0&Prime; shift_y=\u00a0\u00bb0&Prime; shift_y_down=\u00a0\u00bb0&Prime; z_index=\u00a0\u00bb0&Prime; medium_width=\u00a0\u00bb0&Prime; mobile_width=\u00a0\u00bb0&Prime; width=\u00a0\u00bb1\/1&Prime;][vc_custom_heading]<\/p>\n<h2>Tous les formateurs sont certifi\u00e9s, exp\u00e9riment\u00e9s et ont la RCR et \/ ou les premiers secours.<\/h2>\n<p>[\/vc_custom_heading][\/vc_column][\/vc_row]<\/p>\n<\/div>","protected":false},"excerpt":{"rendered":"<p>[vc_row row_height_percent=\u00a0\u00bb0&Prime; override_padding=\u00a0\u00bbyes\u00a0\u00bb h_padding=\u00a0\u00bb4&Prime; top_padding=\u00a0\u00bb5&Prime; bottom_padding=\u00a0\u00bb4&Prime; overlay_alpha=\u00a0\u00bb50&Prime; gutter_size=\u00a0\u00bb4&Prime; column_width_percent=\u00a0\u00bb100&Prime; shift_y=\u00a0\u00bb0&Prime; z_index=\u00a0\u00bb0&Prime;][vc_column width=\u00a0\u00bb1\/2&Prime;][vc_single_image media=\u00a0\u00bb2044&Prime; media_width_percent=\u00a0\u00bb100&Prime; uncode_shortcode_id=\u00a0\u00bb114160&Prime;][\/vc_column][vc_column column_width_percent=\u00a0\u00bb100&Prime; gutter_size=\u00a0\u00bb3&Prime; overlay_alpha=\u00a0\u00bb50&Prime; shift_x=\u00a0\u00bb0&Prime; shift_y=\u00a0\u00bb0&Prime; [&hellip;]<\/p>\n","protected":false},"author":1,"featured_media":0,"parent":0,"menu_order":0,"comment_status":"closed","ping_status":"closed","template":"","meta":{"_exactmetrics_skip_tracking":false,"_exactmetrics_sitenote_active":false,"_exactmetrics_sitenote_note":"","_exactmetrics_sitenote_category":0,"footnotes":""},"yoast_head":"<!-- This site is optimized with the Yoast SEO plugin v22.4 - https:\/\/yoast.com\/wordpress\/plugins\/seo\/ -->\n<title>\u00c9quipe - Angry Monkey MMA Gym<\/title>\n<meta name=\"robots\" content=\"index, follow, max-snippet:-1, max-image-preview:large, max-video-preview:-1\" \/>\n<link rel=\"canonical\" href=\"https:\/\/www.angrymonkeymma.com\/fr\/instructors\/\" \/>\n<meta property=\"og:locale\" content=\"fr_FR\" \/>\n<meta property=\"og:type\" content=\"article\" \/>\n<meta property=\"og:title\" content=\"\u00c9quipe - Angry Monkey MMA Gym\" \/>\n<meta property=\"og:description\" content=\"[vc_row row_height_percent=\u00a0\u00bb0&Prime; override_padding=\u00a0\u00bbyes\u00a0\u00bb h_padding=\u00a0\u00bb4&Prime; top_padding=\u00a0\u00bb5&Prime; bottom_padding=\u00a0\u00bb4&Prime; overlay_alpha=\u00a0\u00bb50&Prime; gutter_size=\u00a0\u00bb4&Prime; column_width_percent=\u00a0\u00bb100&Prime; shift_y=\u00a0\u00bb0&Prime; z_index=\u00a0\u00bb0&Prime;][vc_column width=\u00a0\u00bb1\/2&Prime;][vc_single_image media=\u00a0\u00bb2044&Prime; media_width_percent=\u00a0\u00bb100&Prime; uncode_shortcode_id=\u00a0\u00bb114160&Prime;][\/vc_column][vc_column column_width_percent=\u00a0\u00bb100&Prime; gutter_size=\u00a0\u00bb3&Prime; overlay_alpha=\u00a0\u00bb50&Prime; shift_x=\u00a0\u00bb0&Prime; shift_y=\u00a0\u00bb0&Prime; [&hellip;]\" \/>\n<meta property=\"og:url\" content=\"https:\/\/www.angrymonkeymma.com\/fr\/instructors\/\" \/>\n<meta property=\"og:site_name\" content=\"Angry Monkey MMA Gym\" \/>\n<meta property=\"article:publisher\" content=\"https:\/\/www.facebook.com\/AMMMAMTL\/\" \/>\n<meta property=\"article:modified_time\" content=\"2022-04-21T01:29:04+00:00\" \/>\n<meta name=\"twitter:card\" content=\"summary_large_image\" \/>\n<meta name=\"twitter:site\" content=\"@monkeyangry\" \/>\n<meta name=\"twitter:label1\" content=\"Dur\u00e9e de lecture estim\u00e9e\" \/>\n\t<meta name=\"twitter:data1\" content=\"4 minutes\" \/>\n<script type=\"application\/ld+json\" class=\"yoast-schema-graph\">{\"@context\":\"https:\/\/schema.org\",\"@graph\":[{\"@type\":\"WebPage\",\"@id\":\"https:\/\/www.angrymonkeymma.com\/fr\/instructors\/\",\"url\":\"https:\/\/www.angrymonkeymma.com\/fr\/instructors\/\",\"name\":\"\u00c9quipe - Angry Monkey MMA Gym\",\"isPartOf\":{\"@id\":\"https:\/\/www.angrymonkeymma.com\/#website\"},\"datePublished\":\"2018-09-07T03:38:30+00:00\",\"dateModified\":\"2022-04-21T01:29:04+00:00\",\"breadcrumb\":{\"@id\":\"https:\/\/www.angrymonkeymma.com\/fr\/instructors\/#breadcrumb\"},\"inLanguage\":\"fr-FR\",\"potentialAction\":[{\"@type\":\"ReadAction\",\"target\":[\"https:\/\/www.angrymonkeymma.com\/fr\/instructors\/\"]}]},{\"@type\":\"BreadcrumbList\",\"@id\":\"https:\/\/www.angrymonkeymma.com\/fr\/instructors\/#breadcrumb\",\"itemListElement\":[{\"@type\":\"ListItem\",\"position\":1,\"name\":\"Home\",\"item\":\"https:\/\/www.angrymonkeymma.com\/fr\/\"},{\"@type\":\"ListItem\",\"position\":2,\"name\":\"\u00c9quipe\"}]},{\"@type\":\"WebSite\",\"@id\":\"https:\/\/www.angrymonkeymma.com\/#website\",\"url\":\"https:\/\/www.angrymonkeymma.com\/\",\"name\":\"Angry Monkey MMA\",\"description\":\"Montreal's Best Gym for MMA, Kickboxing, Boxing &amp; Jiu Jitsu Academy\",\"publisher\":{\"@id\":\"https:\/\/www.angrymonkeymma.com\/#organization\"},\"potentialAction\":[{\"@type\":\"SearchAction\",\"target\":{\"@type\":\"EntryPoint\",\"urlTemplate\":\"https:\/\/www.angrymonkeymma.com\/?s={search_term_string}\"},\"query-input\":\"required name=search_term_string\"}],\"inLanguage\":\"fr-FR\"},{\"@type\":\"Organization\",\"@id\":\"https:\/\/www.angrymonkeymma.com\/#organization\",\"name\":\"Angry Monkey MMA\",\"url\":\"https:\/\/www.angrymonkeymma.com\/\",\"logo\":{\"@type\":\"ImageObject\",\"inLanguage\":\"fr-FR\",\"@id\":\"https:\/\/www.angrymonkeymma.com\/#\/schema\/logo\/image\/\",\"url\":\"https:\/\/angrymonkeymma.com\/wp-content\/uploads\/2018\/06\/AngryMonkeyMMA-Logo.png\",\"contentUrl\":\"https:\/\/angrymonkeymma.com\/wp-content\/uploads\/2018\/06\/AngryMonkeyMMA-Logo.png\",\"width\":500,\"height\":500,\"caption\":\"Angry Monkey MMA\"},\"image\":{\"@id\":\"https:\/\/www.angrymonkeymma.com\/#\/schema\/logo\/image\/\"},\"sameAs\":[\"https:\/\/www.facebook.com\/AMMMAMTL\/\",\"https:\/\/twitter.com\/monkeyangry\",\"https:\/\/www.instagram.com\/angrymonkeymma\/?hl=en\"]}]}<\/script>\n<!-- \/ Yoast SEO plugin. -->","yoast_head_json":{"title":"\u00c9quipe - Angry Monkey MMA Gym","robots":{"index":"index","follow":"follow","max-snippet":"max-snippet:-1","max-image-preview":"max-image-preview:large","max-video-preview":"max-video-preview:-1"},"canonical":"https:\/\/www.angrymonkeymma.com\/fr\/instructors\/","og_locale":"fr_FR","og_type":"article","og_title":"\u00c9quipe - Angry Monkey MMA Gym","og_description":"[vc_row row_height_percent=\u00a0\u00bb0&Prime; override_padding=\u00a0\u00bbyes\u00a0\u00bb h_padding=\u00a0\u00bb4&Prime; top_padding=\u00a0\u00bb5&Prime; bottom_padding=\u00a0\u00bb4&Prime; overlay_alpha=\u00a0\u00bb50&Prime; gutter_size=\u00a0\u00bb4&Prime; column_width_percent=\u00a0\u00bb100&Prime; shift_y=\u00a0\u00bb0&Prime; z_index=\u00a0\u00bb0&Prime;][vc_column width=\u00a0\u00bb1\/2&Prime;][vc_single_image media=\u00a0\u00bb2044&Prime; media_width_percent=\u00a0\u00bb100&Prime; uncode_shortcode_id=\u00a0\u00bb114160&Prime;][\/vc_column][vc_column column_width_percent=\u00a0\u00bb100&Prime; gutter_size=\u00a0\u00bb3&Prime; overlay_alpha=\u00a0\u00bb50&Prime; shift_x=\u00a0\u00bb0&Prime; shift_y=\u00a0\u00bb0&Prime; [&hellip;]","og_url":"https:\/\/www.angrymonkeymma.com\/fr\/instructors\/","og_site_name":"Angry Monkey MMA Gym","article_publisher":"https:\/\/www.facebook.com\/AMMMAMTL\/","article_modified_time":"2022-04-21T01:29:04+00:00","twitter_card":"summary_large_image","twitter_site":"@monkeyangry","twitter_misc":{"Dur\u00e9e de lecture estim\u00e9e":"4 minutes"},"schema":{"@context":"https:\/\/schema.org","@graph":[{"@type":"WebPage","@id":"https:\/\/www.angrymonkeymma.com\/fr\/instructors\/","url":"https:\/\/www.angrymonkeymma.com\/fr\/instructors\/","name":"\u00c9quipe - Angry Monkey MMA Gym","isPartOf":{"@id":"https:\/\/www.angrymonkeymma.com\/#website"},"datePublished":"2018-09-07T03:38:30+00:00","dateModified":"2022-04-21T01:29:04+00:00","breadcrumb":{"@id":"https:\/\/www.angrymonkeymma.com\/fr\/instructors\/#breadcrumb"},"inLanguage":"fr-FR","potentialAction":[{"@type":"ReadAction","target":["https:\/\/www.angrymonkeymma.com\/fr\/instructors\/"]}]},{"@type":"BreadcrumbList","@id":"https:\/\/www.angrymonkeymma.com\/fr\/instructors\/#breadcrumb","itemListElement":[{"@type":"ListItem","position":1,"name":"Home","item":"https:\/\/www.angrymonkeymma.com\/fr\/"},{"@type":"ListItem","position":2,"name":"\u00c9quipe"}]},{"@type":"WebSite","@id":"https:\/\/www.angrymonkeymma.com\/#website","url":"https:\/\/www.angrymonkeymma.com\/","name":"Angry Monkey MMA","description":"Montreal's Best Gym for MMA, Kickboxing, Boxing &amp; Jiu Jitsu Academy","publisher":{"@id":"https:\/\/www.angrymonkeymma.com\/#organization"},"potentialAction":[{"@type":"SearchAction","target":{"@type":"EntryPoint","urlTemplate":"https:\/\/www.angrymonkeymma.com\/?s={search_term_string}"},"query-input":"required name=search_term_string"}],"inLanguage":"fr-FR"},{"@type":"Organization","@id":"https:\/\/www.angrymonkeymma.com\/#organization","name":"Angry Monkey MMA","url":"https:\/\/www.angrymonkeymma.com\/","logo":{"@type":"ImageObject","inLanguage":"fr-FR","@id":"https:\/\/www.angrymonkeymma.com\/#\/schema\/logo\/image\/","url":"https:\/\/angrymonkeymma.com\/wp-content\/uploads\/2018\/06\/AngryMonkeyMMA-Logo.png","contentUrl":"https:\/\/angrymonkeymma.com\/wp-content\/uploads\/2018\/06\/AngryMonkeyMMA-Logo.png","width":500,"height":500,"caption":"Angry Monkey MMA"},"image":{"@id":"https:\/\/www.angrymonkeymma.com\/#\/schema\/logo\/image\/"},"sameAs":["https:\/\/www.facebook.com\/AMMMAMTL\/","https:\/\/twitter.com\/monkeyangry","https:\/\/www.instagram.com\/angrymonkeymma\/?hl=en"]}]}},"_links":{"self":[{"href":"https:\/\/www.angrymonkeymma.com\/fr\/wp-json\/wp\/v2\/pages\/878"}],"collection":[{"href":"https:\/\/www.angrymonkeymma.com\/fr\/wp-json\/wp\/v2\/pages"}],"about":[{"href":"https:\/\/www.angrymonkeymma.com\/fr\/wp-json\/wp\/v2\/types\/page"}],"author":[{"embeddable":true,"href":"https:\/\/www.angrymonkeymma.com\/fr\/wp-json\/wp\/v2\/users\/1"}],"replies":[{"embeddable":true,"href":"https:\/\/www.angrymonkeymma.com\/fr\/wp-json\/wp\/v2\/comments?post=878"}],"version-history":[{"count":18,"href":"https:\/\/www.angrymonkeymma.com\/fr\/wp-json\/wp\/v2\/pages\/878\/revisions"}],"predecessor-version":[{"id":2046,"href":"https:\/\/www.angrymonkeymma.com\/fr\/wp-json\/wp\/v2\/pages\/878\/revisions\/2046"}],"wp:attachment":[{"href":"https:\/\/www.angrymonkeymma.com\/fr\/wp-json\/wp\/v2\/media?parent=878"}],"curies":[{"name":"wp","href":"https:\/\/api.w.org\/{rel}","templated":true}]}}