{"id":896,"date":"2018-09-06T23:52:14","date_gmt":"2018-09-07T03:52:14","guid":{"rendered":"https:\/\/angrymonkeymma.com\/?page_id=896"},"modified":"2022-09-22T20:32:46","modified_gmt":"2022-09-23T00:32:46","slug":"cours","status":"publish","type":"page","link":"https:\/\/www.angrymonkeymma.com\/fr\/cours\/","title":{"rendered":"Cours"},"content":{"rendered":"<div class=\"wpb-content-wrapper\"><p>[vc_row row_height_percent=\u00a0\u00bb0&Prime; override_padding=\u00a0\u00bbyes\u00a0\u00bb h_padding=\u00a0\u00bb3&Prime; top_padding=\u00a0\u00bb5&Prime; bottom_padding=\u00a0\u00bb4&Prime; overlay_alpha=\u00a0\u00bb50&Prime; gutter_size=\u00a0\u00bb4&Prime; column_width_percent=\u00a0\u00bb100&Prime; shift_y=\u00a0\u00bb0&Prime; z_index=\u00a0\u00bb0&Prime; row_name=\u00a0\u00bbKickboxing\u00a0\u00bb][vc_column column_width_percent=\u00a0\u00bb100&Prime; gutter_size=\u00a0\u00bb3&Prime; override_padding=\u00a0\u00bbyes\u00a0\u00bb column_padding=\u00a0\u00bb0&Prime; expand_height=\u00a0\u00bbyes\u00a0\u00bb overlay_alpha=\u00a0\u00bb50&Prime; shift_x=\u00a0\u00bb0&Prime; shift_y=\u00a0\u00bb0&Prime; shift_y_down=\u00a0\u00bb0&Prime; z_index=\u00a0\u00bb0&Prime; medium_width=\u00a0\u00bb0&Prime; mobile_width=\u00a0\u00bb0&Prime; width=\u00a0\u00bb1\/2&Prime;][vc_single_image media=\u00a0\u00bb2050&Prime; media_width_percent=\u00a0\u00bb100&Prime; uncode_shortcode_id=\u00a0\u00bb268844&Prime;][vc_single_image media=\u00a0\u00bb1752&Prime; media_width_percent=\u00a0\u00bb100&Prime;][vc_single_image media=\u00a0\u00bb1719&Prime; media_width_percent=\u00a0\u00bb100&Prime;][\/vc_column][vc_column width=\u00a0\u00bb1\/2&Prime;][vc_custom_heading text_color=\u00a0\u00bbaccent\u00a0\u00bb text_transform=\u00a0\u00bbuppercase\u00a0\u00bb subheading=\u00a0\u00bbLe Muay Tha\u00ef est un style de kickboxing redoutablement efficace qui utilise des techniques de frappe et autre en position debout. C&rsquo;est un cours tr\u00e8s populaire pour les personnes qui veulent am\u00e9liorer leur condition physique ou s&rsquo;entra\u00eener pour la comp\u00e9tition. \u00c0 chaque cours vous pratiquez avec un partenaire diff\u00e9rentes attaques et techniques, vous frappez sur des mitaines de frappe et des coussinets, et vous ne frappez jamais directement sur votre partenaire. Le Muay Tha\u00ef est connu comme \u00ab\u00a0l&rsquo;art des huit membres\u00ab\u00a0 parce qu&rsquo;il utilise les mains, les pieds, les coudes et les genoux pour donner des coups. Il s&rsquo;est d\u00e9velopp\u00e9 en Tha\u00eflande depuis le milieu du 18e si\u00e8cle et est une cl\u00e9 de vo\u00fbte du MMA moderne.<\/p>\n<p>Une fois que l&rsquo;entra\u00eeneur pense que vous \u00eates pr\u00eat(e), vous serez invit\u00e9s \u00e0 vous joindre \u00e0 nos cours de niveau interm\u00e9diaire, o\u00f9 nous conservons les bases acquises au cours du niveau d\u00e9butant tout en augmentant l&rsquo;intensit\u00e9 et le niveau de complexit\u00e9. Le cours interm\u00e9diaire se concentre sur les exercices d&rsquo;entra\u00eenement et vous pr\u00e9pare pour les combats r\u00e9els.<\/p>\n<p>\u00c0 la fin du cours, le tapis est couvert de sueur. Assurez-vous de boire beaucoup d\u2019eau.<\/p>\n<p>L\u2019admissibilit\u00e9 au niveau 2 est sur invitation seulement, \u00e0 la suite d\u2019une \u00e9valuation. Veuillez contacter un responsable avant de vous pr\u00e9senter pour la premi\u00e8re fois \u00e0 un cours de niveau 2.<\/p>\n<p><b> QUOI PORTER:<\/b> Portez quelque chose de confortable, comme un short et un T-shirt d\u2019entra\u00eenement, ou un soutien-gorge de sport, l&rsquo;entra\u00eenement a lieu pieds nus. Nous fournissons des gants de boxe et des prot\u00e8ge-tibias pour le cours d\u2019essai, par la suite vous pouvez acheter votre propre \u00e9quipement \u00e0 la r\u00e9ception.<\/p>\n<p><b>DUR\u00c9E DU COURS:<\/b> 75 minutes<\/p>\n<p><b>Cours disponibles matin, soir et week-end.<\/b><\/p>\n<p><b>L&rsquo;\u00e2ge minimum pour les cours pour adultes est de 13 ans et d\u00e9pend de la maturit\u00e9 et de la capacit\u00e9 \u00e0 suivre le cours.<\/b><\/p>\n<p><i>Angry Monkey utilise un syst\u00e8me de grades de Muay Tha\u00ef qui gagne en popularit\u00e9 en occident. Nous croyons qu\u2019il s\u2019agit d\u2019un tr\u00e8s bon outil de motivation qui pousse les athl\u00e8tes \u00e0 se concentrer sur leur prochain objectif. Les enfants et les adultes aiment voir leur d\u00e9vouement et leur travail acharn\u00e9 r\u00e9compens\u00e9s, comme il se doit. De plus, il s\u2019agit d\u2019une fa\u00e7on de mesurer la progression de vos aptitudes. En Tha\u00eflande, le Prajiad (brassard) a une grande importance spirituelle. Les m\u00e8res d\u00e9chiraient un morceau de leur robe et l\u2019attachaient autour du bras de leur fils avant qu\u2019il parte \u00e0 la guerre, afin d\u2019\u00e9loigner les maux de la guerre pour que le gar\u00e7on revienne \u00e0 la maison sain et sauf. Depuis, l\u2019utilisation du Prajiad s\u2019est r\u00e9pandue dans les clubs et les comp\u00e9titions de Muay Tha\u00ef aux quatre coins du monde. Que vous souhaitiez vous mettre en forme, apprendre quelque chose de nouveau, vous faire des amis ou prendre part \u00e0 des comp\u00e9titions, notre programme est fait pour vous!<\/i>\u00a0\u00bb uncode_shortcode_id=\u00a0\u00bb444596&Prime; text_color_type=\u00a0\u00bbuncode-palette\u00a0\u00bb text_color_solid=\u00a0\u00bb#ff0000&Prime;]Muay Thai \/ Kickboxing[\/vc_custom_heading][\/vc_column][\/vc_row][vc_row row_height_percent=\u00a0\u00bb0&Prime; override_padding=\u00a0\u00bbyes\u00a0\u00bb h_padding=\u00a0\u00bb3&Prime; top_padding=\u00a0\u00bb4&Prime; bottom_padding=\u00a0\u00bb4&Prime; overlay_color=\u00a0\u00bbcolor-wvjs\u00a0\u00bb overlay_alpha=\u00a0\u00bb5&Prime; gutter_size=\u00a0\u00bb4&Prime; column_width_percent=\u00a0\u00bb100&Prime; shift_y=\u00a0\u00bb0&Prime; z_index=\u00a0\u00bb0&Prime; row_name=\u00a0\u00bbBoxing\u00a0\u00bb][vc_column width=\u00a0\u00bb1\/2&Prime;][vc_single_image media=\u00a0\u00bb1512&Prime; media_width_percent=\u00a0\u00bb100&Prime;][\/vc_column][vc_column width=\u00a0\u00bb1\/2&Prime;][vc_custom_heading text_color=\u00a0\u00bbaccent\u00a0\u00bb text_transform=\u00a0\u00bbuppercase\u00a0\u00bb subheading=\u00a0\u00bbLa boxe \u00e0 Singe Bagarreur d\u00e9veloppera l\u2019athl\u00e8te et combattant en vous. Nous vous emm\u00e8nerons aussi loin que vous voulez aller. Dans nos cours, vous apprendrez les bases de la boxe, en commen\u00e7ant par le bon jeu de jambes, le balancement, le mouvement de la t\u00eate, les d\u00e9placements et la bonne m\u00e9canique corporelle. L\u2019accent est mis sur le d\u00e9veloppement athl\u00e9tique et l\u2019acquisition de comp\u00e9tences. Au fur et \u00e0 mesure que vous progresserez, vous apprendrez des combinaisons d\u2019attaques avanc\u00e9es, et d\u00e9velopperez de la vitesse et de la puissance.<\/p>\n<p>Une fois que le coach pense que vous \u00eates pr\u00eat(e), le coach vous invitera \u00e0 rester 15 minutes de plus. Au cours de ses 15 minutes, vous faites de la boxe libre (donc par vos propres moyens) en utilisant votre cr\u00e9ativit\u00e9 et le mat\u00e9riel \u00e0 votre disposition, par exemple vous pouvez travailler sur les sacs de frappe, utiliser les poids libres, faire des abdos, de la corde \u00e0 sauter etc.<\/p>\n<p><b>QUOI PORTER:<\/b> Portez quelque chose de confortable, comme des shorts et un T-shirt d\u2019entra\u00eenement ou un soutien-gorge de sport et des chaussures de boxe ou des souliers de course propres. Nous fournissons des gants de boxe pour votre cours d\u2019essai. Par la suite vous devez avoir vos propres gants. Nous en vendons \u00e0 la r\u00e9ception.<\/p>\n<p><b>\u00c2GE MINIMUM:<\/b> 15 ans<\/p>\n<p><b>DUR\u00c9E DU COURS:<\/b> 75 minutes\u00a0\u00bb]La boxe[\/vc_custom_heading][\/vc_column][\/vc_row][vc_row row_height_percent=\u00a0\u00bb0&Prime; override_padding=\u00a0\u00bbyes\u00a0\u00bb h_padding=\u00a0\u00bb3&Prime; top_padding=\u00a0\u00bb4&Prime; bottom_padding=\u00a0\u00bb4&Prime; overlay_alpha=\u00a0\u00bb50&Prime; gutter_size=\u00a0\u00bb4&Prime; column_width_percent=\u00a0\u00bb100&Prime; shift_y=\u00a0\u00bb0&Prime; z_index=\u00a0\u00bb0&Prime; row_name=\u00a0\u00bbBJJ\u00a0\u00bb][vc_column width=\u00a0\u00bb1\/2&Prime;][vc_single_image media=\u00a0\u00bb1514&Prime; media_width_percent=\u00a0\u00bb100&Prime;][\/vc_column][vc_column width=\u00a0\u00bb1\/2&Prime;][vc_custom_heading text_color=\u00a0\u00bbaccent\u00a0\u00bb text_transform=\u00a0\u00bbuppercase\u00a0\u00bb subheading=\u00a0\u00bbLe Jiu-Jitsu br\u00e9silien (BJJ) est un style de lutte (\u00ab\u00a0grappling\u00ab\u00a0) moderne qui se concentre sur le combat au sol, en utilisant des techniques pour vaincre l\u2019adversaire telles que l&rsquo;effet de levier, le verrou articulaire et l\u2019\u00e9tranglement. Cette m\u00e9thode permet \u00e0 une personne plus petite de vaincre une personne plus grande et plus forte. C&rsquo;est un art martial exigeant qui \u00e0 la clef renforce la forme physique et mentale gr\u00e2ce \u00e0 l&rsquo;intensit\u00e9 de l&rsquo;entra\u00eenement. Chaque cours se termine par environ 45 minutes de \u00abroulement\u00bb pour int\u00e9grer vos acquis.<\/p>\n<p>Le Jiu-Jitsu Br\u00e9siliena \u00e9tait d\u00e9velopp\u00e9 au Br\u00e9sil tout au long du 20e si\u00e8cle \u00e0 partir d&rsquo;un style de combat qui a pris naissance sur les champs de bataille au 15e si\u00e8cle au Japon. Un certain nombre d&rsquo;\u00e9tudiants de Singe Bagarreur participent r\u00e9guli\u00e8rement \u00e0 des tournois de BJJ sous l&rsquo;\u00e9gide de l&rsquo;\u00e9quipe Brazilian Top Team (BTT) et sous la direction de coach Diego V\u00e1zquez.<\/p>\n<p><b>QUOI PORTER:<\/b> Un kimono de Jiu-Jitsu (c&rsquo;est \u00e0 dire, l&rsquo;uniforme) et pieds nus. Les kimonos sont disponibles dans la couleur bleue, noire ou blanche. Ils sont \u00e0 l&rsquo;effigie de Brazilian Top Team et Singe Bagarreur.<\/p>\n<p><b>DUR\u00c9E DU COURS:<\/b> 90 minutes<\/p>\n<p>\u00c2ge minimum: 13 ans\u00a0\u00bb uncode_shortcode_id=\u00a0\u00bb354548&Prime; text_color_type=\u00a0\u00bbuncode-palette\u00a0\u00bb text_color_solid=\u00a0\u00bb#ff0000&Prime;]<span style=\"font-weight: 400;\">Jiu-Jitsu br\u00e9silien<\/span>[\/vc_custom_heading][\/vc_column][\/vc_row]<\/p>\n<\/div>","protected":false},"excerpt":{"rendered":"<p>[vc_row row_height_percent=\u00a0\u00bb0&Prime; override_padding=\u00a0\u00bbyes\u00a0\u00bb h_padding=\u00a0\u00bb3&Prime; top_padding=\u00a0\u00bb5&Prime; bottom_padding=\u00a0\u00bb4&Prime; overlay_alpha=\u00a0\u00bb50&Prime; gutter_size=\u00a0\u00bb4&Prime; column_width_percent=\u00a0\u00bb100&Prime; shift_y=\u00a0\u00bb0&Prime; z_index=\u00a0\u00bb0&Prime; row_name=\u00a0\u00bbKickboxing\u00a0\u00bb][vc_column column_width_percent=\u00a0\u00bb100&Prime; gutter_size=\u00a0\u00bb3&Prime; override_padding=\u00a0\u00bbyes\u00a0\u00bb column_padding=\u00a0\u00bb0&Prime; expand_height=\u00a0\u00bbyes\u00a0\u00bb overlay_alpha=\u00a0\u00bb50&Prime; shift_x=\u00a0\u00bb0&Prime; shift_y=\u00a0\u00bb0&Prime; [&hellip;]<\/p>\n","protected":false},"author":1,"featured_media":0,"parent":0,"menu_order":0,"comment_status":"closed","ping_status":"closed","template":"","meta":{"_exactmetrics_skip_tracking":false,"_exactmetrics_sitenote_active":false,"_exactmetrics_sitenote_note":"","_exactmetrics_sitenote_category":0,"footnotes":""},"yoast_head":"<!-- This site is optimized with the Yoast SEO plugin v22.4 - https:\/\/yoast.com\/wordpress\/plugins\/seo\/ -->\n<title>Cours - Angry Monkey MMA Gym<\/title>\n<meta name=\"robots\" content=\"index, follow, max-snippet:-1, max-image-preview:large, max-video-preview:-1\" \/>\n<link rel=\"canonical\" href=\"https:\/\/www.angrymonkeymma.com\/fr\/cours\/\" \/>\n<meta property=\"og:locale\" content=\"fr_FR\" \/>\n<meta property=\"og:type\" content=\"article\" \/>\n<meta property=\"og:title\" content=\"Cours - Angry Monkey MMA Gym\" \/>\n<meta property=\"og:description\" content=\"[vc_row row_height_percent=\u00a0\u00bb0&Prime; override_padding=\u00a0\u00bbyes\u00a0\u00bb h_padding=\u00a0\u00bb3&Prime; top_padding=\u00a0\u00bb5&Prime; bottom_padding=\u00a0\u00bb4&Prime; overlay_alpha=\u00a0\u00bb50&Prime; gutter_size=\u00a0\u00bb4&Prime; column_width_percent=\u00a0\u00bb100&Prime; shift_y=\u00a0\u00bb0&Prime; z_index=\u00a0\u00bb0&Prime; row_name=\u00a0\u00bbKickboxing\u00a0\u00bb][vc_column column_width_percent=\u00a0\u00bb100&Prime; gutter_size=\u00a0\u00bb3&Prime; override_padding=\u00a0\u00bbyes\u00a0\u00bb column_padding=\u00a0\u00bb0&Prime; expand_height=\u00a0\u00bbyes\u00a0\u00bb overlay_alpha=\u00a0\u00bb50&Prime; shift_x=\u00a0\u00bb0&Prime; shift_y=\u00a0\u00bb0&Prime; [&hellip;]\" \/>\n<meta property=\"og:url\" content=\"https:\/\/www.angrymonkeymma.com\/fr\/cours\/\" \/>\n<meta property=\"og:site_name\" content=\"Angry Monkey MMA Gym\" \/>\n<meta property=\"article:publisher\" content=\"https:\/\/www.facebook.com\/AMMMAMTL\/\" \/>\n<meta property=\"article:modified_time\" content=\"2022-09-23T00:32:46+00:00\" \/>\n<meta name=\"twitter:card\" content=\"summary_large_image\" \/>\n<meta name=\"twitter:site\" content=\"@monkeyangry\" \/>\n<meta name=\"twitter:label1\" content=\"Dur\u00e9e de lecture estim\u00e9e\" \/>\n\t<meta name=\"twitter:data1\" content=\"5 minutes\" \/>\n<script type=\"application\/ld+json\" class=\"yoast-schema-graph\">{\"@context\":\"https:\/\/schema.org\",\"@graph\":[{\"@type\":\"WebPage\",\"@id\":\"https:\/\/www.angrymonkeymma.com\/fr\/cours\/\",\"url\":\"https:\/\/www.angrymonkeymma.com\/fr\/cours\/\",\"name\":\"Cours - Angry Monkey MMA Gym\",\"isPartOf\":{\"@id\":\"https:\/\/www.angrymonkeymma.com\/#website\"},\"datePublished\":\"2018-09-07T03:52:14+00:00\",\"dateModified\":\"2022-09-23T00:32:46+00:00\",\"breadcrumb\":{\"@id\":\"https:\/\/www.angrymonkeymma.com\/fr\/cours\/#breadcrumb\"},\"inLanguage\":\"fr-FR\",\"potentialAction\":[{\"@type\":\"ReadAction\",\"target\":[\"https:\/\/www.angrymonkeymma.com\/fr\/cours\/\"]}]},{\"@type\":\"BreadcrumbList\",\"@id\":\"https:\/\/www.angrymonkeymma.com\/fr\/cours\/#breadcrumb\",\"itemListElement\":[{\"@type\":\"ListItem\",\"position\":1,\"name\":\"Home\",\"item\":\"https:\/\/www.angrymonkeymma.com\/fr\/\"},{\"@type\":\"ListItem\",\"position\":2,\"name\":\"Cours\"}]},{\"@type\":\"WebSite\",\"@id\":\"https:\/\/www.angrymonkeymma.com\/#website\",\"url\":\"https:\/\/www.angrymonkeymma.com\/\",\"name\":\"Angry Monkey MMA\",\"description\":\"Montreal's Best Gym for MMA, Kickboxing, Boxing &amp; Jiu Jitsu Academy\",\"publisher\":{\"@id\":\"https:\/\/www.angrymonkeymma.com\/#organization\"},\"potentialAction\":[{\"@type\":\"SearchAction\",\"target\":{\"@type\":\"EntryPoint\",\"urlTemplate\":\"https:\/\/www.angrymonkeymma.com\/?s={search_term_string}\"},\"query-input\":\"required name=search_term_string\"}],\"inLanguage\":\"fr-FR\"},{\"@type\":\"Organization\",\"@id\":\"https:\/\/www.angrymonkeymma.com\/#organization\",\"name\":\"Angry Monkey MMA\",\"url\":\"https:\/\/www.angrymonkeymma.com\/\",\"logo\":{\"@type\":\"ImageObject\",\"inLanguage\":\"fr-FR\",\"@id\":\"https:\/\/www.angrymonkeymma.com\/#\/schema\/logo\/image\/\",\"url\":\"https:\/\/angrymonkeymma.com\/wp-content\/uploads\/2018\/06\/AngryMonkeyMMA-Logo.png\",\"contentUrl\":\"https:\/\/angrymonkeymma.com\/wp-content\/uploads\/2018\/06\/AngryMonkeyMMA-Logo.png\",\"width\":500,\"height\":500,\"caption\":\"Angry Monkey MMA\"},\"image\":{\"@id\":\"https:\/\/www.angrymonkeymma.com\/#\/schema\/logo\/image\/\"},\"sameAs\":[\"https:\/\/www.facebook.com\/AMMMAMTL\/\",\"https:\/\/twitter.com\/monkeyangry\",\"https:\/\/www.instagram.com\/angrymonkeymma\/?hl=en\"]}]}<\/script>\n<!-- \/ Yoast SEO plugin. -->","yoast_head_json":{"title":"Cours - Angry Monkey MMA Gym","robots":{"index":"index","follow":"follow","max-snippet":"max-snippet:-1","max-image-preview":"max-image-preview:large","max-video-preview":"max-video-preview:-1"},"canonical":"https:\/\/www.angrymonkeymma.com\/fr\/cours\/","og_locale":"fr_FR","og_type":"article","og_title":"Cours - Angry Monkey MMA Gym","og_description":"[vc_row row_height_percent=\u00a0\u00bb0&Prime; override_padding=\u00a0\u00bbyes\u00a0\u00bb h_padding=\u00a0\u00bb3&Prime; top_padding=\u00a0\u00bb5&Prime; bottom_padding=\u00a0\u00bb4&Prime; overlay_alpha=\u00a0\u00bb50&Prime; gutter_size=\u00a0\u00bb4&Prime; column_width_percent=\u00a0\u00bb100&Prime; shift_y=\u00a0\u00bb0&Prime; z_index=\u00a0\u00bb0&Prime; row_name=\u00a0\u00bbKickboxing\u00a0\u00bb][vc_column column_width_percent=\u00a0\u00bb100&Prime; gutter_size=\u00a0\u00bb3&Prime; override_padding=\u00a0\u00bbyes\u00a0\u00bb column_padding=\u00a0\u00bb0&Prime; expand_height=\u00a0\u00bbyes\u00a0\u00bb overlay_alpha=\u00a0\u00bb50&Prime; shift_x=\u00a0\u00bb0&Prime; shift_y=\u00a0\u00bb0&Prime; [&hellip;]","og_url":"https:\/\/www.angrymonkeymma.com\/fr\/cours\/","og_site_name":"Angry Monkey MMA Gym","article_publisher":"https:\/\/www.facebook.com\/AMMMAMTL\/","article_modified_time":"2022-09-23T00:32:46+00:00","twitter_card":"summary_large_image","twitter_site":"@monkeyangry","twitter_misc":{"Dur\u00e9e de lecture estim\u00e9e":"5 minutes"},"schema":{"@context":"https:\/\/schema.org","@graph":[{"@type":"WebPage","@id":"https:\/\/www.angrymonkeymma.com\/fr\/cours\/","url":"https:\/\/www.angrymonkeymma.com\/fr\/cours\/","name":"Cours - Angry Monkey MMA Gym","isPartOf":{"@id":"https:\/\/www.angrymonkeymma.com\/#website"},"datePublished":"2018-09-07T03:52:14+00:00","dateModified":"2022-09-23T00:32:46+00:00","breadcrumb":{"@id":"https:\/\/www.angrymonkeymma.com\/fr\/cours\/#breadcrumb"},"inLanguage":"fr-FR","potentialAction":[{"@type":"ReadAction","target":["https:\/\/www.angrymonkeymma.com\/fr\/cours\/"]}]},{"@type":"BreadcrumbList","@id":"https:\/\/www.angrymonkeymma.com\/fr\/cours\/#breadcrumb","itemListElement":[{"@type":"ListItem","position":1,"name":"Home","item":"https:\/\/www.angrymonkeymma.com\/fr\/"},{"@type":"ListItem","position":2,"name":"Cours"}]},{"@type":"WebSite","@id":"https:\/\/www.angrymonkeymma.com\/#website","url":"https:\/\/www.angrymonkeymma.com\/","name":"Angry Monkey MMA","description":"Montreal's Best Gym for MMA, Kickboxing, Boxing &amp; Jiu Jitsu Academy","publisher":{"@id":"https:\/\/www.angrymonkeymma.com\/#organization"},"potentialAction":[{"@type":"SearchAction","target":{"@type":"EntryPoint","urlTemplate":"https:\/\/www.angrymonkeymma.com\/?s={search_term_string}"},"query-input":"required name=search_term_string"}],"inLanguage":"fr-FR"},{"@type":"Organization","@id":"https:\/\/www.angrymonkeymma.com\/#organization","name":"Angry Monkey MMA","url":"https:\/\/www.angrymonkeymma.com\/","logo":{"@type":"ImageObject","inLanguage":"fr-FR","@id":"https:\/\/www.angrymonkeymma.com\/#\/schema\/logo\/image\/","url":"https:\/\/angrymonkeymma.com\/wp-content\/uploads\/2018\/06\/AngryMonkeyMMA-Logo.png","contentUrl":"https:\/\/angrymonkeymma.com\/wp-content\/uploads\/2018\/06\/AngryMonkeyMMA-Logo.png","width":500,"height":500,"caption":"Angry Monkey MMA"},"image":{"@id":"https:\/\/www.angrymonkeymma.com\/#\/schema\/logo\/image\/"},"sameAs":["https:\/\/www.facebook.com\/AMMMAMTL\/","https:\/\/twitter.com\/monkeyangry","https:\/\/www.instagram.com\/angrymonkeymma\/?hl=en"]}]}},"_links":{"self":[{"href":"https:\/\/www.angrymonkeymma.com\/fr\/wp-json\/wp\/v2\/pages\/896"}],"collection":[{"href":"https:\/\/www.angrymonkeymma.com\/fr\/wp-json\/wp\/v2\/pages"}],"about":[{"href":"https:\/\/www.angrymonkeymma.com\/fr\/wp-json\/wp\/v2\/types\/page"}],"author":[{"embeddable":true,"href":"https:\/\/www.angrymonkeymma.com\/fr\/wp-json\/wp\/v2\/users\/1"}],"replies":[{"embeddable":true,"href":"https:\/\/www.angrymonkeymma.com\/fr\/wp-json\/wp\/v2\/comments?post=896"}],"version-history":[{"count":21,"href":"https:\/\/www.angrymonkeymma.com\/fr\/wp-json\/wp\/v2\/pages\/896\/revisions"}],"predecessor-version":[{"id":2084,"href":"https:\/\/www.angrymonkeymma.com\/fr\/wp-json\/wp\/v2\/pages\/896\/revisions\/2084"}],"wp:attachment":[{"href":"https:\/\/www.angrymonkeymma.com\/fr\/wp-json\/wp\/v2\/media?parent=896"}],"curies":[{"name":"wp","href":"https:\/\/api.w.org\/{rel}","templated":true}]}}