{"id":913,"date":"2018-09-07T00:07:40","date_gmt":"2018-09-07T04:07:40","guid":{"rendered":"https:\/\/angrymonkeymma.com\/?page_id=913"},"modified":"2022-09-22T20:47:44","modified_gmt":"2022-09-23T00:47:44","slug":"private-training","status":"publish","type":"page","link":"https:\/\/www.angrymonkeymma.com\/fr\/private-training\/","title":{"rendered":"Private Training"},"content":{"rendered":"<div class=\"wpb-content-wrapper\"><p>[vc_row row_height_percent=\u00a0\u00bb0&Prime; override_padding=\u00a0\u00bbyes\u00a0\u00bb h_padding=\u00a0\u00bb2&Prime; top_padding=\u00a0\u00bb3&Prime; bottom_padding=\u00a0\u00bb2&Prime; overlay_alpha=\u00a0\u00bb50&Prime; gutter_size=\u00a0\u00bb4&Prime; column_width_percent=\u00a0\u00bb100&Prime; shift_y=\u00a0\u00bb0&Prime; z_index=\u00a0\u00bb0&Prime;][vc_column width=\u00a0\u00bb1\/2&Prime;][vc_single_image media=\u00a0\u00bb1986&Prime; media_width_percent=\u00a0\u00bb100&Prime; uncode_shortcode_id=\u00a0\u00bb252257&Prime;][\/vc_column][vc_column width=\u00a0\u00bb1\/2&Prime;][vc_custom_heading heading_semantic=\u00a0\u00bbh1&Prime; text_size=\u00a0\u00bbh1&Prime; subheading=\u00a0\u00bb\u00cates-vous pr\u00eat \u00e0 changer votre style de vie? Si oui, nous vous invitons \u00e0 travailler avec les meilleurs entra\u00eeneurs certifi\u00e9s de Montr\u00e9al. Ils ont tous des ann\u00e9es d&rsquo;exp\u00e9rience, pour vous motiver et vous donner envie de continuer.<\/p>\n<p>Quels sont vos objectifs? Voulez-vous apprendre la boxe? Perdre du poids? Apaiser votre stress? Atteindre votre zone d&rsquo;excellence? Ou voulez-vous simplement augmenter votre niveau de conditionnement et affiner votre corps? Nous sommes ici pour \u00e7a.<\/p>\n<p>Nous vous aiderons \u00e0 \u00e9tablir et atteindre vos objectifs. En m\u00eame temps, nous vous donnerons des commentaires clairs et pertinents pour vous aider \u00e0 trouver votre plein potentiel.<\/p>\n<p>Si vous le souhaitez, vous pouvez r\u00e9server avec un ami ou un \u00eatre cher, le temps passera plus vite.<\/p>\n<p>Selon vos besoins, une s\u00e9ance d&rsquo;entra\u00eenement personnelle peut commencer avec du cardio, du temps dans le ring de boxe, un peu de musculation ou du travail sur les abdos. Quel que soit le programme que vous choisissez, nous nous assurons que les sessions sont vari\u00e9es. \u00c0 chaque entra\u00eenement, vous aurez acc\u00e8s \u00e0 tous nos \u00e9quipements d&rsquo;entra\u00eenement de haute qualit\u00e9, \u00e0 une salle de sport exceptionnellement propre, \u00e0 des douches priv\u00e9es, \u00e0 des casiers pour vos effets personnels, et \u00e0 une excellente musique et ambiance. Il y a beaucoup de stationnements gratuits. Une bouteille d&rsquo;eau ou d&rsquo;\u00e9lectrolyte est offerte gratuitement chaque session.\u00a0\u00bb]PASSER VOTRE NIVEAU.<br \/>\n<span style=\"color: #ffff00;\"><strong>CHANGE TA VIE.<\/strong><\/span>[\/vc_custom_heading][vc_column_text uncode_shortcode_id=\u00a0\u00bb613461&Prime;]<\/p>\n<h3><span style=\"font-weight: 400;\"><strong><span style=\"color: #ffff00;\">1 Personne:<\/span><br \/>\n$70 <\/strong>pour 1 heure<br \/>\n<\/span><span style=\"font-weight: 400;\"><strong>$650<\/strong> pour un forfait de 10 s\u00e9ances <\/span><\/h3>\n<h3><strong><span style=\"color: #ffff00;\">2 Personnes<\/span><br \/>\n<\/strong><span style=\"font-weight: 400;\"><strong>$85<\/strong> pour 1 heure<br \/>\n<\/span><span style=\"font-weight: 400;\"><strong>$800<\/strong> pour un forfait de 10 s\u00e9ances<\/span><\/h3>\n<h3><strong><span style=\"color: #ffff00;\">3 Personnes<\/span><br \/>\n<\/strong><span style=\"font-weight: 400;\"><strong>$100<\/strong> pour 1 heure<br \/>\n<\/span><span style=\"font-weight: 400;\"><strong>$950<\/strong> pour un forfait de 10 s\u00e9ances<\/span><\/h3>\n<h3><strong><span style=\"color: #ffff00;\">4 Personnes<\/span><br \/>\n<\/strong><span style=\"font-weight: 400;\"><strong>$115<\/strong>\u00a0pour 1 heure<br \/>\n<\/span><span style=\"font-weight: 400;\"><strong>$1100<\/strong> pour un forfait de 10 s\u00e9ances<\/span><\/h3>\n<p class=\"p1\">Toutes les sessions doivent \u00eatre pay\u00e9es \u00e0 l&rsquo;avance et peuvent \u00eatre pay\u00e9es directement \u00e0 votre entra\u00eeneur.<br \/>\nLes taxes sont incluses dans les prix.<br \/>\nLes frais de Head Trainer (Justin) sont l\u00e9g\u00e8rement plus \u00e9lev\u00e9s que les frais ci-dessus.<\/p>\n<p>[\/vc_column_text][\/vc_column][\/vc_row][vc_row row_height_percent=\u00a0\u00bb0&Prime; overlay_alpha=\u00a0\u00bb50&Prime; gutter_size=\u00a0\u00bb4&Prime; column_width_percent=\u00a0\u00bb100&Prime; shift_y=\u00a0\u00bb0&Prime; z_index=\u00a0\u00bb0&Prime;][vc_column width=\u00a0\u00bb1\/1&Prime;][vc_column_text]Politiques et r\u00e8glements pour les cours priv\u00e9s:<\/p>\n<ol>\n<li>Pour annuler une session priv\u00e9e, les clients doivent contacter leur entra\u00eeneur au moins 36 heures avant la session pr\u00e9vue, sinon ils seront factur\u00e9s pour la session compl\u00e8te.<\/li>\n<li>Aucun cr\u00e9dit pour les cours priv\u00e9s. Vos sessions doivent \u00eatre pay\u00e9es avant de r\u00e9server une s\u00e9ance d&rsquo;entra\u00eenement. Si vous avez choisi un forfait de 10 s\u00e9ances, vous devez payer les 10 s\u00e9ances en une seule fois.<\/li>\n<li>La ponctualit\u00e9 est importante pour le bon fonctionnement de notre entreprise. Si vous \u00eates en retard de plus de 20 minutes, cela est consid\u00e9r\u00e9 comme une annulation, sauf si vous appelez \u00e0 l&rsquo;avance pour nous aviser. Dans tous les cas, la session se terminera \u00e0 l&rsquo;heure r\u00e9serv\u00e9e.<\/li>\n<\/ol>\n<p>[\/vc_column_text][\/vc_column][\/vc_row]<\/p>\n<\/div>","protected":false},"excerpt":{"rendered":"<p>[vc_row row_height_percent=\u00a0\u00bb0&Prime; override_padding=\u00a0\u00bbyes\u00a0\u00bb h_padding=\u00a0\u00bb2&Prime; top_padding=\u00a0\u00bb3&Prime; bottom_padding=\u00a0\u00bb2&Prime; overlay_alpha=\u00a0\u00bb50&Prime; gutter_size=\u00a0\u00bb4&Prime; column_width_percent=\u00a0\u00bb100&Prime; shift_y=\u00a0\u00bb0&Prime; z_index=\u00a0\u00bb0&Prime;][vc_column width=\u00a0\u00bb1\/2&Prime;][vc_single_image media=\u00a0\u00bb1986&Prime; media_width_percent=\u00a0\u00bb100&Prime; uncode_shortcode_id=\u00a0\u00bb252257&Prime;][\/vc_column][vc_column width=\u00a0\u00bb1\/2&Prime;][vc_custom_heading heading_semantic=\u00a0\u00bbh1&Prime; text_size=\u00a0\u00bbh1&Prime; subheading=\u00a0\u00bb\u00cates-vous pr\u00eat [&hellip;]<\/p>\n","protected":false},"author":1,"featured_media":0,"parent":0,"menu_order":0,"comment_status":"closed","ping_status":"closed","template":"","meta":{"_exactmetrics_skip_tracking":false,"_exactmetrics_sitenote_active":false,"_exactmetrics_sitenote_note":"","_exactmetrics_sitenote_category":0,"footnotes":""},"yoast_head":"<!-- This site is optimized with the Yoast SEO plugin v22.4 - https:\/\/yoast.com\/wordpress\/plugins\/seo\/ -->\n<title>Private Training - Angry Monkey MMA Gym<\/title>\n<meta name=\"robots\" content=\"index, follow, max-snippet:-1, max-image-preview:large, max-video-preview:-1\" \/>\n<link rel=\"canonical\" href=\"https:\/\/www.angrymonkeymma.com\/fr\/private-training\/\" \/>\n<meta property=\"og:locale\" content=\"fr_FR\" \/>\n<meta property=\"og:type\" content=\"article\" \/>\n<meta property=\"og:title\" content=\"Private Training - Angry Monkey MMA Gym\" \/>\n<meta property=\"og:description\" content=\"[vc_row row_height_percent=\u00a0\u00bb0&Prime; override_padding=\u00a0\u00bbyes\u00a0\u00bb h_padding=\u00a0\u00bb2&Prime; top_padding=\u00a0\u00bb3&Prime; bottom_padding=\u00a0\u00bb2&Prime; overlay_alpha=\u00a0\u00bb50&Prime; gutter_size=\u00a0\u00bb4&Prime; column_width_percent=\u00a0\u00bb100&Prime; shift_y=\u00a0\u00bb0&Prime; z_index=\u00a0\u00bb0&Prime;][vc_column width=\u00a0\u00bb1\/2&Prime;][vc_single_image media=\u00a0\u00bb1986&Prime; media_width_percent=\u00a0\u00bb100&Prime; uncode_shortcode_id=\u00a0\u00bb252257&Prime;][\/vc_column][vc_column width=\u00a0\u00bb1\/2&Prime;][vc_custom_heading heading_semantic=\u00a0\u00bbh1&Prime; text_size=\u00a0\u00bbh1&Prime; subheading=\u00a0\u00bb\u00cates-vous pr\u00eat [&hellip;]\" \/>\n<meta property=\"og:url\" content=\"https:\/\/www.angrymonkeymma.com\/fr\/private-training\/\" \/>\n<meta property=\"og:site_name\" content=\"Angry Monkey MMA Gym\" \/>\n<meta property=\"article:publisher\" content=\"https:\/\/www.facebook.com\/AMMMAMTL\/\" \/>\n<meta property=\"article:modified_time\" content=\"2022-09-23T00:47:44+00:00\" \/>\n<meta name=\"twitter:card\" content=\"summary_large_image\" \/>\n<meta name=\"twitter:site\" content=\"@monkeyangry\" \/>\n<meta name=\"twitter:label1\" content=\"Dur\u00e9e de lecture estim\u00e9e\" \/>\n\t<meta name=\"twitter:data1\" content=\"2 minutes\" \/>\n<script type=\"application\/ld+json\" class=\"yoast-schema-graph\">{\"@context\":\"https:\/\/schema.org\",\"@graph\":[{\"@type\":\"WebPage\",\"@id\":\"https:\/\/www.angrymonkeymma.com\/fr\/private-training\/\",\"url\":\"https:\/\/www.angrymonkeymma.com\/fr\/private-training\/\",\"name\":\"Private Training - Angry Monkey MMA Gym\",\"isPartOf\":{\"@id\":\"https:\/\/www.angrymonkeymma.com\/#website\"},\"datePublished\":\"2018-09-07T04:07:40+00:00\",\"dateModified\":\"2022-09-23T00:47:44+00:00\",\"breadcrumb\":{\"@id\":\"https:\/\/www.angrymonkeymma.com\/fr\/private-training\/#breadcrumb\"},\"inLanguage\":\"fr-FR\",\"potentialAction\":[{\"@type\":\"ReadAction\",\"target\":[\"https:\/\/www.angrymonkeymma.com\/fr\/private-training\/\"]}]},{\"@type\":\"BreadcrumbList\",\"@id\":\"https:\/\/www.angrymonkeymma.com\/fr\/private-training\/#breadcrumb\",\"itemListElement\":[{\"@type\":\"ListItem\",\"position\":1,\"name\":\"Home\",\"item\":\"https:\/\/www.angrymonkeymma.com\/fr\/\"},{\"@type\":\"ListItem\",\"position\":2,\"name\":\"Private Training\"}]},{\"@type\":\"WebSite\",\"@id\":\"https:\/\/www.angrymonkeymma.com\/#website\",\"url\":\"https:\/\/www.angrymonkeymma.com\/\",\"name\":\"Angry Monkey MMA\",\"description\":\"Montreal's Best Gym for MMA, Kickboxing, Boxing &amp; Jiu Jitsu Academy\",\"publisher\":{\"@id\":\"https:\/\/www.angrymonkeymma.com\/#organization\"},\"potentialAction\":[{\"@type\":\"SearchAction\",\"target\":{\"@type\":\"EntryPoint\",\"urlTemplate\":\"https:\/\/www.angrymonkeymma.com\/?s={search_term_string}\"},\"query-input\":\"required name=search_term_string\"}],\"inLanguage\":\"fr-FR\"},{\"@type\":\"Organization\",\"@id\":\"https:\/\/www.angrymonkeymma.com\/#organization\",\"name\":\"Angry Monkey MMA\",\"url\":\"https:\/\/www.angrymonkeymma.com\/\",\"logo\":{\"@type\":\"ImageObject\",\"inLanguage\":\"fr-FR\",\"@id\":\"https:\/\/www.angrymonkeymma.com\/#\/schema\/logo\/image\/\",\"url\":\"https:\/\/angrymonkeymma.com\/wp-content\/uploads\/2018\/06\/AngryMonkeyMMA-Logo.png\",\"contentUrl\":\"https:\/\/angrymonkeymma.com\/wp-content\/uploads\/2018\/06\/AngryMonkeyMMA-Logo.png\",\"width\":500,\"height\":500,\"caption\":\"Angry Monkey MMA\"},\"image\":{\"@id\":\"https:\/\/www.angrymonkeymma.com\/#\/schema\/logo\/image\/\"},\"sameAs\":[\"https:\/\/www.facebook.com\/AMMMAMTL\/\",\"https:\/\/twitter.com\/monkeyangry\",\"https:\/\/www.instagram.com\/angrymonkeymma\/?hl=en\"]}]}<\/script>\n<!-- \/ Yoast SEO plugin. -->","yoast_head_json":{"title":"Private Training - Angry Monkey MMA Gym","robots":{"index":"index","follow":"follow","max-snippet":"max-snippet:-1","max-image-preview":"max-image-preview:large","max-video-preview":"max-video-preview:-1"},"canonical":"https:\/\/www.angrymonkeymma.com\/fr\/private-training\/","og_locale":"fr_FR","og_type":"article","og_title":"Private Training - Angry Monkey MMA Gym","og_description":"[vc_row row_height_percent=\u00a0\u00bb0&Prime; override_padding=\u00a0\u00bbyes\u00a0\u00bb h_padding=\u00a0\u00bb2&Prime; top_padding=\u00a0\u00bb3&Prime; bottom_padding=\u00a0\u00bb2&Prime; overlay_alpha=\u00a0\u00bb50&Prime; gutter_size=\u00a0\u00bb4&Prime; column_width_percent=\u00a0\u00bb100&Prime; shift_y=\u00a0\u00bb0&Prime; z_index=\u00a0\u00bb0&Prime;][vc_column width=\u00a0\u00bb1\/2&Prime;][vc_single_image media=\u00a0\u00bb1986&Prime; media_width_percent=\u00a0\u00bb100&Prime; uncode_shortcode_id=\u00a0\u00bb252257&Prime;][\/vc_column][vc_column width=\u00a0\u00bb1\/2&Prime;][vc_custom_heading heading_semantic=\u00a0\u00bbh1&Prime; text_size=\u00a0\u00bbh1&Prime; subheading=\u00a0\u00bb\u00cates-vous pr\u00eat [&hellip;]","og_url":"https:\/\/www.angrymonkeymma.com\/fr\/private-training\/","og_site_name":"Angry Monkey MMA Gym","article_publisher":"https:\/\/www.facebook.com\/AMMMAMTL\/","article_modified_time":"2022-09-23T00:47:44+00:00","twitter_card":"summary_large_image","twitter_site":"@monkeyangry","twitter_misc":{"Dur\u00e9e de lecture estim\u00e9e":"2 minutes"},"schema":{"@context":"https:\/\/schema.org","@graph":[{"@type":"WebPage","@id":"https:\/\/www.angrymonkeymma.com\/fr\/private-training\/","url":"https:\/\/www.angrymonkeymma.com\/fr\/private-training\/","name":"Private Training - Angry Monkey MMA Gym","isPartOf":{"@id":"https:\/\/www.angrymonkeymma.com\/#website"},"datePublished":"2018-09-07T04:07:40+00:00","dateModified":"2022-09-23T00:47:44+00:00","breadcrumb":{"@id":"https:\/\/www.angrymonkeymma.com\/fr\/private-training\/#breadcrumb"},"inLanguage":"fr-FR","potentialAction":[{"@type":"ReadAction","target":["https:\/\/www.angrymonkeymma.com\/fr\/private-training\/"]}]},{"@type":"BreadcrumbList","@id":"https:\/\/www.angrymonkeymma.com\/fr\/private-training\/#breadcrumb","itemListElement":[{"@type":"ListItem","position":1,"name":"Home","item":"https:\/\/www.angrymonkeymma.com\/fr\/"},{"@type":"ListItem","position":2,"name":"Private Training"}]},{"@type":"WebSite","@id":"https:\/\/www.angrymonkeymma.com\/#website","url":"https:\/\/www.angrymonkeymma.com\/","name":"Angry Monkey MMA","description":"Montreal's Best Gym for MMA, Kickboxing, Boxing &amp; Jiu Jitsu Academy","publisher":{"@id":"https:\/\/www.angrymonkeymma.com\/#organization"},"potentialAction":[{"@type":"SearchAction","target":{"@type":"EntryPoint","urlTemplate":"https:\/\/www.angrymonkeymma.com\/?s={search_term_string}"},"query-input":"required name=search_term_string"}],"inLanguage":"fr-FR"},{"@type":"Organization","@id":"https:\/\/www.angrymonkeymma.com\/#organization","name":"Angry Monkey MMA","url":"https:\/\/www.angrymonkeymma.com\/","logo":{"@type":"ImageObject","inLanguage":"fr-FR","@id":"https:\/\/www.angrymonkeymma.com\/#\/schema\/logo\/image\/","url":"https:\/\/angrymonkeymma.com\/wp-content\/uploads\/2018\/06\/AngryMonkeyMMA-Logo.png","contentUrl":"https:\/\/angrymonkeymma.com\/wp-content\/uploads\/2018\/06\/AngryMonkeyMMA-Logo.png","width":500,"height":500,"caption":"Angry Monkey MMA"},"image":{"@id":"https:\/\/www.angrymonkeymma.com\/#\/schema\/logo\/image\/"},"sameAs":["https:\/\/www.facebook.com\/AMMMAMTL\/","https:\/\/twitter.com\/monkeyangry","https:\/\/www.instagram.com\/angrymonkeymma\/?hl=en"]}]}},"_links":{"self":[{"href":"https:\/\/www.angrymonkeymma.com\/fr\/wp-json\/wp\/v2\/pages\/913"}],"collection":[{"href":"https:\/\/www.angrymonkeymma.com\/fr\/wp-json\/wp\/v2\/pages"}],"about":[{"href":"https:\/\/www.angrymonkeymma.com\/fr\/wp-json\/wp\/v2\/types\/page"}],"author":[{"embeddable":true,"href":"https:\/\/www.angrymonkeymma.com\/fr\/wp-json\/wp\/v2\/users\/1"}],"replies":[{"embeddable":true,"href":"https:\/\/www.angrymonkeymma.com\/fr\/wp-json\/wp\/v2\/comments?post=913"}],"version-history":[{"count":7,"href":"https:\/\/www.angrymonkeymma.com\/fr\/wp-json\/wp\/v2\/pages\/913\/revisions"}],"predecessor-version":[{"id":2097,"href":"https:\/\/www.angrymonkeymma.com\/fr\/wp-json\/wp\/v2\/pages\/913\/revisions\/2097"}],"wp:attachment":[{"href":"https:\/\/www.angrymonkeymma.com\/fr\/wp-json\/wp\/v2\/media?parent=913"}],"curies":[{"name":"wp","href":"https:\/\/api.w.org\/{rel}","templated":true}]}}