{"id":917,"date":"2018-09-07T00:12:53","date_gmt":"2018-09-07T04:12:53","guid":{"rendered":"https:\/\/angrymonkeymma.com\/?page_id=917"},"modified":"2022-02-27T21:44:50","modified_gmt":"2022-02-28T02:44:50","slug":"competition-team","status":"publish","type":"page","link":"https:\/\/www.angrymonkeymma.com\/fr\/competition-team\/","title":{"rendered":"\u00c9quipe de Comp\u00e9tition"},"content":{"rendered":"<div class=\"wpb-content-wrapper\"><p>[vc_row row_height_percent=\u00a0\u00bb0&Prime; override_padding=\u00a0\u00bbyes\u00a0\u00bb h_padding=\u00a0\u00bb2&Prime; top_padding=\u00a0\u00bb3&Prime; bottom_padding=\u00a0\u00bb2&Prime; overlay_alpha=\u00a0\u00bb50&Prime; gutter_size=\u00a0\u00bb4&Prime; column_width_percent=\u00a0\u00bb100&Prime; shift_y=\u00a0\u00bb0&Prime; z_index=\u00a0\u00bb0&Prime;][vc_column width=\u00a0\u00bb1\/2&Prime;][vc_single_image media=\u00a0\u00bb2021&Prime; media_width_percent=\u00a0\u00bb100&Prime; uncode_shortcode_id=\u00a0\u00bb665051&Prime;][vc_single_image media=\u00a0\u00bb1192&Prime; media_width_percent=\u00a0\u00bb100&Prime;][vc_single_image media=\u00a0\u00bb1986&Prime; media_width_percent=\u00a0\u00bb100&Prime; uncode_shortcode_id=\u00a0\u00bb182334&Prime;][vc_single_image media=\u00a0\u00bb1418&Prime; media_width_percent=\u00a0\u00bb100&Prime;][vc_gallery][vc_single_image media=\u00a0\u00bb1422&Prime; media_width_percent=\u00a0\u00bb100&Prime;][\/vc_column][vc_column width=\u00a0\u00bb1\/2&Prime;][vc_custom_heading text_color=\u00a0\u00bbaccent\u00a0\u00bb heading_semantic=\u00a0\u00bbh1&Prime; text_size=\u00a0\u00bbh1&Prime; subheading=\u00a0\u00bbChez Singe Bagarreur, nous sommes fiers de la qualit\u00e9 et du d\u00e9vouement des combattants et des entra\u00eeneurs de notre \u00e9quipe. Nous offrons le soutien et la formation pour vous aider \u00e0 atteindre votre plein potentiel en tant que combattant.<\/p>\n<p>Dans un premier temps, pr\u00e9sentez-vous au gym, tout en \u00e9tant conscient que vous allez devoir travailler, rester motiv\u00e9, tout laisser sur le tatami, faire de votre mieux et m\u00eame plus. Vous \u00eates la clef du succ\u00e8s et nous sommes la pour vous soutenir, notre objectif est que vous atteignez le v\u00f4tre.<\/p>\n<p>Concr\u00e8tement, Justin \u00e9valuera vos capacit\u00e9s actuelles et travaillera avec vous pour cr\u00e9er un programme d&rsquo;entra\u00eenement. C&rsquo;est tr\u00e8s exigeant physiquement. Nous prenons les techniques de base que vous apprenez dans nos cours de groupe et nous l\u2019amenons \u00e0 un autre niveau dans un programme rigoureux de combat et de conditionnement physique. La comp\u00e9tition exige un niveau d&rsquo;athl\u00e9tisme \u00e0 la port\u00e9e de ceux qui ont la discipline et le d\u00e9sir de travailler intens\u00e9ment toute la semaine, de s&rsquo;entra\u00eener avec et autour des blessures, et de garder une bonne attitude tout le long. Si vous avez cela, vous pourriez avoir ce qu&rsquo;il faut pour devenir un s\u00e9rieux combattant amateur ou professionnel.<\/p>\n<p>Parfois, nous pensons aux comp\u00e9titions d&rsquo;arts martiaux comme \u00e9tant une seule personne contre un adversaire. La v\u00e9rit\u00e9 est que chaque individu repr\u00e9sente une \u00e9quipe, une \u00e9quipe de personnes qui les a aid\u00e9s \u00e0 aller aussi loin. Vous repr\u00e9sentez votre style, votre gym, votre \u00e9quipe d&rsquo;entra\u00eenement et votre entra\u00eeneur. Nous nous attendons \u00e0 ce que tous les membres de notre \u00e9quipe de comp\u00e9tition comprennent et appr\u00e9cient le bon esprit sportif et sachent que le combat n&rsquo;est jamais plus important que les personnes qui ont contribu\u00e9 \u00e0 que cela se produise. Nous nous entra\u00eenons \u00e0 garder la ma\u00eetrise de soi, dans la victoire et la d\u00e9faite. Demandez-vous, quel genre de mod\u00e8les vous avez? Et, un jour, quel genre de mod\u00e8le voulez-vous \u00eatre?\u00a0\u00bb]<span style=\"font-weight: 400;\">Vous voulez combattre?<\/span>[\/vc_custom_heading][vc_custom_heading text_color=\u00a0\u00bbaccent\u00a0\u00bb subheading=\u00a0\u00bbNous avons \u00e9galement des \u00e9quipes de comp\u00e9tition pour nos programmes jeunesse et de Jiu-Jitsu.\u00a0\u00bb]<span style=\"font-weight: 400;\">Contactez-nous si vous voulez vous joindre \u00e0 l&rsquo;une des \u00e9quipes de comp\u00e9tition les plus travailleuses (mais heureuses) et&#8211;oh oui&#8211;amusante de la ville.<\/span>[\/vc_custom_heading][vc_single_image media=\u00a0\u00bb1314&Prime; media_width_percent=\u00a0\u00bb100&Prime;][vc_single_image media=\u00a0\u00bb1957&Prime; media_width_percent=\u00a0\u00bb100&Prime; uncode_shortcode_id=\u00a0\u00bb181702&Prime;][vc_single_image media=\u00a0\u00bb2024&Prime; media_width_percent=\u00a0\u00bb100&Prime; uncode_shortcode_id=\u00a0\u00bb887865&Prime;][\/vc_column][\/vc_row][vc_row row_height_percent=\u00a0\u00bb0&Prime; overlay_alpha=\u00a0\u00bb50&Prime; gutter_size=\u00a0\u00bb3&Prime; column_width_percent=\u00a0\u00bb100&Prime; shift_y=\u00a0\u00bb0&Prime; z_index=\u00a0\u00bb0&Prime;][vc_column width=\u00a0\u00bb1\/4&Prime;][vc_single_image media=\u00a0\u00bb1057&Prime; media_width_percent=\u00a0\u00bb100&Prime;][\/vc_column][vc_column width=\u00a0\u00bb1\/4&Prime;][vc_single_image media=\u00a0\u00bb1055&Prime; media_width_percent=\u00a0\u00bb100&Prime;][\/vc_column][vc_column width=\u00a0\u00bb1\/4&Prime;][vc_single_image media=\u00a0\u00bb1410&Prime; media_width_percent=\u00a0\u00bb100&Prime;][\/vc_column][vc_column width=\u00a0\u00bb1\/4&Prime;][vc_single_image media=\u00a0\u00bb1412&Prime; media_width_percent=\u00a0\u00bb100&Prime;][\/vc_column][\/vc_row][vc_row][vc_column column_width_percent=\u00a0\u00bb100&Prime; align_horizontal=\u00a0\u00bbalign_center\u00a0\u00bb gutter_size=\u00a0\u00bb3&Prime; overlay_alpha=\u00a0\u00bb50&Prime; shift_x=\u00a0\u00bb0&Prime; shift_y=\u00a0\u00bb0&Prime; shift_y_down=\u00a0\u00bb0&Prime; z_index=\u00a0\u00bb0&Prime; medium_width=\u00a0\u00bb0&Prime; mobile_width=\u00a0\u00bb0&Prime; width=\u00a0\u00bb1\/1&Prime;][vc_gallery el_id=\u00a0\u00bbgallery-143310&Prime; medias=\u00a0\u00bb579,580,581,582,583,584,585,586,592,595,596,597,598,606,607,608,609,762,763,764,765,766,767,768,769,770&Prime; gutter_size=\u00a0\u00bb2&Prime; screen_lg=\u00a0\u00bb1000&Prime; screen_md=\u00a0\u00bb600&Prime; screen_sm=\u00a0\u00bb480&Prime; single_width=\u00a0\u00bb2&Prime; single_overlay_opacity=\u00a0\u00bb50&Prime; single_padding=\u00a0\u00bb2&Prime; single_border=\u00a0\u00bbyes\u00a0\u00bb][\/vc_column][\/vc_row]<\/p>\n<\/div>","protected":false},"excerpt":{"rendered":"<p>[vc_row row_height_percent=\u00a0\u00bb0&Prime; override_padding=\u00a0\u00bbyes\u00a0\u00bb h_padding=\u00a0\u00bb2&Prime; top_padding=\u00a0\u00bb3&Prime; bottom_padding=\u00a0\u00bb2&Prime; overlay_alpha=\u00a0\u00bb50&Prime; gutter_size=\u00a0\u00bb4&Prime; column_width_percent=\u00a0\u00bb100&Prime; shift_y=\u00a0\u00bb0&Prime; z_index=\u00a0\u00bb0&Prime;][vc_column width=\u00a0\u00bb1\/2&Prime;][vc_single_image media=\u00a0\u00bb2021&Prime; media_width_percent=\u00a0\u00bb100&Prime; uncode_shortcode_id=\u00a0\u00bb665051&Prime;][vc_single_image media=\u00a0\u00bb1192&Prime; media_width_percent=\u00a0\u00bb100&Prime;][vc_single_image media=\u00a0\u00bb1986&Prime; media_width_percent=\u00a0\u00bb100&Prime; uncode_shortcode_id=\u00a0\u00bb182334&Prime;][vc_single_image [&hellip;]<\/p>\n","protected":false},"author":1,"featured_media":0,"parent":0,"menu_order":0,"comment_status":"closed","ping_status":"closed","template":"","meta":{"_exactmetrics_skip_tracking":false,"_exactmetrics_sitenote_active":false,"_exactmetrics_sitenote_note":"","_exactmetrics_sitenote_category":0,"footnotes":""},"yoast_head":"<!-- This site is optimized with the Yoast SEO plugin v22.4 - https:\/\/yoast.com\/wordpress\/plugins\/seo\/ -->\n<title>\u00c9quipe de Comp\u00e9tition - Angry Monkey MMA Gym<\/title>\n<meta name=\"robots\" content=\"index, follow, max-snippet:-1, max-image-preview:large, max-video-preview:-1\" \/>\n<link rel=\"canonical\" href=\"https:\/\/www.angrymonkeymma.com\/fr\/competition-team\/\" \/>\n<meta property=\"og:locale\" content=\"fr_FR\" \/>\n<meta property=\"og:type\" content=\"article\" \/>\n<meta property=\"og:title\" content=\"\u00c9quipe de Comp\u00e9tition - Angry Monkey MMA Gym\" \/>\n<meta property=\"og:description\" content=\"[vc_row row_height_percent=\u00a0\u00bb0&Prime; override_padding=\u00a0\u00bbyes\u00a0\u00bb h_padding=\u00a0\u00bb2&Prime; top_padding=\u00a0\u00bb3&Prime; bottom_padding=\u00a0\u00bb2&Prime; overlay_alpha=\u00a0\u00bb50&Prime; gutter_size=\u00a0\u00bb4&Prime; column_width_percent=\u00a0\u00bb100&Prime; shift_y=\u00a0\u00bb0&Prime; z_index=\u00a0\u00bb0&Prime;][vc_column width=\u00a0\u00bb1\/2&Prime;][vc_single_image media=\u00a0\u00bb2021&Prime; media_width_percent=\u00a0\u00bb100&Prime; uncode_shortcode_id=\u00a0\u00bb665051&Prime;][vc_single_image media=\u00a0\u00bb1192&Prime; media_width_percent=\u00a0\u00bb100&Prime;][vc_single_image media=\u00a0\u00bb1986&Prime; media_width_percent=\u00a0\u00bb100&Prime; uncode_shortcode_id=\u00a0\u00bb182334&Prime;][vc_single_image [&hellip;]\" \/>\n<meta property=\"og:url\" content=\"https:\/\/www.angrymonkeymma.com\/fr\/competition-team\/\" \/>\n<meta property=\"og:site_name\" content=\"Angry Monkey MMA Gym\" \/>\n<meta property=\"article:publisher\" content=\"https:\/\/www.facebook.com\/AMMMAMTL\/\" \/>\n<meta property=\"article:modified_time\" content=\"2022-02-28T02:44:50+00:00\" \/>\n<meta name=\"twitter:card\" content=\"summary_large_image\" \/>\n<meta name=\"twitter:site\" content=\"@monkeyangry\" \/>\n<meta name=\"twitter:label1\" content=\"Dur\u00e9e de lecture estim\u00e9e\" \/>\n\t<meta name=\"twitter:data1\" content=\"2 minutes\" \/>\n<script type=\"application\/ld+json\" class=\"yoast-schema-graph\">{\"@context\":\"https:\/\/schema.org\",\"@graph\":[{\"@type\":\"WebPage\",\"@id\":\"https:\/\/www.angrymonkeymma.com\/fr\/competition-team\/\",\"url\":\"https:\/\/www.angrymonkeymma.com\/fr\/competition-team\/\",\"name\":\"\u00c9quipe de Comp\u00e9tition - Angry Monkey MMA Gym\",\"isPartOf\":{\"@id\":\"https:\/\/www.angrymonkeymma.com\/#website\"},\"datePublished\":\"2018-09-07T04:12:53+00:00\",\"dateModified\":\"2022-02-28T02:44:50+00:00\",\"breadcrumb\":{\"@id\":\"https:\/\/www.angrymonkeymma.com\/fr\/competition-team\/#breadcrumb\"},\"inLanguage\":\"fr-FR\",\"potentialAction\":[{\"@type\":\"ReadAction\",\"target\":[\"https:\/\/www.angrymonkeymma.com\/fr\/competition-team\/\"]}]},{\"@type\":\"BreadcrumbList\",\"@id\":\"https:\/\/www.angrymonkeymma.com\/fr\/competition-team\/#breadcrumb\",\"itemListElement\":[{\"@type\":\"ListItem\",\"position\":1,\"name\":\"Home\",\"item\":\"https:\/\/www.angrymonkeymma.com\/fr\/\"},{\"@type\":\"ListItem\",\"position\":2,\"name\":\"\u00c9quipe de Comp\u00e9tition\"}]},{\"@type\":\"WebSite\",\"@id\":\"https:\/\/www.angrymonkeymma.com\/#website\",\"url\":\"https:\/\/www.angrymonkeymma.com\/\",\"name\":\"Angry Monkey MMA\",\"description\":\"Montreal's Best Gym for MMA, Kickboxing, Boxing &amp; Jiu Jitsu Academy\",\"publisher\":{\"@id\":\"https:\/\/www.angrymonkeymma.com\/#organization\"},\"potentialAction\":[{\"@type\":\"SearchAction\",\"target\":{\"@type\":\"EntryPoint\",\"urlTemplate\":\"https:\/\/www.angrymonkeymma.com\/?s={search_term_string}\"},\"query-input\":\"required name=search_term_string\"}],\"inLanguage\":\"fr-FR\"},{\"@type\":\"Organization\",\"@id\":\"https:\/\/www.angrymonkeymma.com\/#organization\",\"name\":\"Angry Monkey MMA\",\"url\":\"https:\/\/www.angrymonkeymma.com\/\",\"logo\":{\"@type\":\"ImageObject\",\"inLanguage\":\"fr-FR\",\"@id\":\"https:\/\/www.angrymonkeymma.com\/#\/schema\/logo\/image\/\",\"url\":\"https:\/\/angrymonkeymma.com\/wp-content\/uploads\/2018\/06\/AngryMonkeyMMA-Logo.png\",\"contentUrl\":\"https:\/\/angrymonkeymma.com\/wp-content\/uploads\/2018\/06\/AngryMonkeyMMA-Logo.png\",\"width\":500,\"height\":500,\"caption\":\"Angry Monkey MMA\"},\"image\":{\"@id\":\"https:\/\/www.angrymonkeymma.com\/#\/schema\/logo\/image\/\"},\"sameAs\":[\"https:\/\/www.facebook.com\/AMMMAMTL\/\",\"https:\/\/twitter.com\/monkeyangry\",\"https:\/\/www.instagram.com\/angrymonkeymma\/?hl=en\"]}]}<\/script>\n<!-- \/ Yoast SEO plugin. -->","yoast_head_json":{"title":"\u00c9quipe de Comp\u00e9tition - Angry Monkey MMA Gym","robots":{"index":"index","follow":"follow","max-snippet":"max-snippet:-1","max-image-preview":"max-image-preview:large","max-video-preview":"max-video-preview:-1"},"canonical":"https:\/\/www.angrymonkeymma.com\/fr\/competition-team\/","og_locale":"fr_FR","og_type":"article","og_title":"\u00c9quipe de Comp\u00e9tition - Angry Monkey MMA Gym","og_description":"[vc_row row_height_percent=\u00a0\u00bb0&Prime; override_padding=\u00a0\u00bbyes\u00a0\u00bb h_padding=\u00a0\u00bb2&Prime; top_padding=\u00a0\u00bb3&Prime; bottom_padding=\u00a0\u00bb2&Prime; overlay_alpha=\u00a0\u00bb50&Prime; gutter_size=\u00a0\u00bb4&Prime; column_width_percent=\u00a0\u00bb100&Prime; shift_y=\u00a0\u00bb0&Prime; z_index=\u00a0\u00bb0&Prime;][vc_column width=\u00a0\u00bb1\/2&Prime;][vc_single_image media=\u00a0\u00bb2021&Prime; media_width_percent=\u00a0\u00bb100&Prime; uncode_shortcode_id=\u00a0\u00bb665051&Prime;][vc_single_image media=\u00a0\u00bb1192&Prime; media_width_percent=\u00a0\u00bb100&Prime;][vc_single_image media=\u00a0\u00bb1986&Prime; media_width_percent=\u00a0\u00bb100&Prime; uncode_shortcode_id=\u00a0\u00bb182334&Prime;][vc_single_image [&hellip;]","og_url":"https:\/\/www.angrymonkeymma.com\/fr\/competition-team\/","og_site_name":"Angry Monkey MMA Gym","article_publisher":"https:\/\/www.facebook.com\/AMMMAMTL\/","article_modified_time":"2022-02-28T02:44:50+00:00","twitter_card":"summary_large_image","twitter_site":"@monkeyangry","twitter_misc":{"Dur\u00e9e de lecture estim\u00e9e":"2 minutes"},"schema":{"@context":"https:\/\/schema.org","@graph":[{"@type":"WebPage","@id":"https:\/\/www.angrymonkeymma.com\/fr\/competition-team\/","url":"https:\/\/www.angrymonkeymma.com\/fr\/competition-team\/","name":"\u00c9quipe de Comp\u00e9tition - Angry Monkey MMA Gym","isPartOf":{"@id":"https:\/\/www.angrymonkeymma.com\/#website"},"datePublished":"2018-09-07T04:12:53+00:00","dateModified":"2022-02-28T02:44:50+00:00","breadcrumb":{"@id":"https:\/\/www.angrymonkeymma.com\/fr\/competition-team\/#breadcrumb"},"inLanguage":"fr-FR","potentialAction":[{"@type":"ReadAction","target":["https:\/\/www.angrymonkeymma.com\/fr\/competition-team\/"]}]},{"@type":"BreadcrumbList","@id":"https:\/\/www.angrymonkeymma.com\/fr\/competition-team\/#breadcrumb","itemListElement":[{"@type":"ListItem","position":1,"name":"Home","item":"https:\/\/www.angrymonkeymma.com\/fr\/"},{"@type":"ListItem","position":2,"name":"\u00c9quipe de Comp\u00e9tition"}]},{"@type":"WebSite","@id":"https:\/\/www.angrymonkeymma.com\/#website","url":"https:\/\/www.angrymonkeymma.com\/","name":"Angry Monkey MMA","description":"Montreal's Best Gym for MMA, Kickboxing, Boxing &amp; Jiu Jitsu Academy","publisher":{"@id":"https:\/\/www.angrymonkeymma.com\/#organization"},"potentialAction":[{"@type":"SearchAction","target":{"@type":"EntryPoint","urlTemplate":"https:\/\/www.angrymonkeymma.com\/?s={search_term_string}"},"query-input":"required name=search_term_string"}],"inLanguage":"fr-FR"},{"@type":"Organization","@id":"https:\/\/www.angrymonkeymma.com\/#organization","name":"Angry Monkey MMA","url":"https:\/\/www.angrymonkeymma.com\/","logo":{"@type":"ImageObject","inLanguage":"fr-FR","@id":"https:\/\/www.angrymonkeymma.com\/#\/schema\/logo\/image\/","url":"https:\/\/angrymonkeymma.com\/wp-content\/uploads\/2018\/06\/AngryMonkeyMMA-Logo.png","contentUrl":"https:\/\/angrymonkeymma.com\/wp-content\/uploads\/2018\/06\/AngryMonkeyMMA-Logo.png","width":500,"height":500,"caption":"Angry Monkey MMA"},"image":{"@id":"https:\/\/www.angrymonkeymma.com\/#\/schema\/logo\/image\/"},"sameAs":["https:\/\/www.facebook.com\/AMMMAMTL\/","https:\/\/twitter.com\/monkeyangry","https:\/\/www.instagram.com\/angrymonkeymma\/?hl=en"]}]}},"_links":{"self":[{"href":"https:\/\/www.angrymonkeymma.com\/fr\/wp-json\/wp\/v2\/pages\/917"}],"collection":[{"href":"https:\/\/www.angrymonkeymma.com\/fr\/wp-json\/wp\/v2\/pages"}],"about":[{"href":"https:\/\/www.angrymonkeymma.com\/fr\/wp-json\/wp\/v2\/types\/page"}],"author":[{"embeddable":true,"href":"https:\/\/www.angrymonkeymma.com\/fr\/wp-json\/wp\/v2\/users\/1"}],"replies":[{"embeddable":true,"href":"https:\/\/www.angrymonkeymma.com\/fr\/wp-json\/wp\/v2\/comments?post=917"}],"version-history":[{"count":34,"href":"https:\/\/www.angrymonkeymma.com\/fr\/wp-json\/wp\/v2\/pages\/917\/revisions"}],"predecessor-version":[{"id":2026,"href":"https:\/\/www.angrymonkeymma.com\/fr\/wp-json\/wp\/v2\/pages\/917\/revisions\/2026"}],"wp:attachment":[{"href":"https:\/\/www.angrymonkeymma.com\/fr\/wp-json\/wp\/v2\/media?parent=917"}],"curies":[{"name":"wp","href":"https:\/\/api.w.org\/{rel}","templated":true}]}}